{"id":40,"date":"2020-04-30T22:44:08","date_gmt":"2020-04-30T22:44:08","guid":{"rendered":"http:\/\/abogadosjmalca.com\/?page_id=40"},"modified":"2020-04-30T23:03:12","modified_gmt":"2020-04-30T23:03:12","slug":"quienes-somos","status":"publish","type":"page","link":"https:\/\/abogadosjmalca.com\/index.php\/quienes-somos\/","title":{"rendered":"Quienes somos"},"content":{"rendered":"\t\t<div data-elementor-type=\"wp-page\" data-elementor-id=\"40\" class=\"elementor elementor-40\">\n\t\t\t\t\t\t<div class=\"elementor-inner\">\n\t\t\t\t<div class=\"elementor-section-wrap\">\n\t\t\t\t\t\t\t\t\t<section class=\"elementor-section elementor-top-section elementor-element elementor-element-c6a73f4 elementor-section-boxed elementor-section-height-default elementor-section-height-default\" data-id=\"c6a73f4\" data-element_type=\"section\">\n\t\t\t\t\t\t<div class=\"elementor-container elementor-column-gap-default\">\n\t\t\t\t\t\t\t<div class=\"elementor-row\">\n\t\t\t\t\t<div class=\"elementor-column elementor-col-100 elementor-top-column elementor-element elementor-element-298bf02\" data-id=\"298bf02\" data-element_type=\"column\">\n\t\t\t<div class=\"elementor-column-wrap elementor-element-populated\">\n\t\t\t\t\t\t\t<div class=\"elementor-widget-wrap\">\n\t\t\t\t\t\t<div class=\"elementor-element elementor-element-d60b147 elementor-widget elementor-widget-spacer\" data-id=\"d60b147\" data-element_type=\"widget\" data-widget_type=\"spacer.default\">\n\t\t\t\t<div class=\"elementor-widget-container\">\n\t\t\t\t\t<div class=\"elementor-spacer\">\n\t\t\t<div class=\"elementor-spacer-inner\"><\/div>\n\t\t<\/div>\n\t\t\t\t<\/div>\n\t\t\t\t<\/div>\n\t\t\t\t\t\t<\/div>\n\t\t\t\t\t<\/div>\n\t\t<\/div>\n\t\t\t\t\t\t\t\t<\/div>\n\t\t\t\t\t<\/div>\n\t\t<\/section>\n\t\t\t\t<section class=\"elementor-section elementor-top-section elementor-element elementor-element-7c21b51 elementor-section-boxed elementor-section-height-default elementor-section-height-default\" data-id=\"7c21b51\" data-element_type=\"section\">\n\t\t\t\t\t\t<div class=\"elementor-container elementor-column-gap-default\">\n\t\t\t\t\t\t\t<div class=\"elementor-row\">\n\t\t\t\t\t<div class=\"elementor-column elementor-col-100 elementor-top-column elementor-element elementor-element-c5b6d5c\" data-id=\"c5b6d5c\" data-element_type=\"column\">\n\t\t\t<div class=\"elementor-column-wrap elementor-element-populated\">\n\t\t\t\t\t\t\t<div class=\"elementor-widget-wrap\">\n\t\t\t\t\t\t<div class=\"elementor-element elementor-element-3e4d670 elementor-widget elementor-widget-heading\" data-id=\"3e4d670\" data-element_type=\"widget\" data-widget_type=\"heading.default\">\n\t\t\t\t<div class=\"elementor-widget-container\">\n\t\t\t<h2 class=\"elementor-heading-title elementor-size-default\">Quienes somos<\/h2>\t\t<\/div>\n\t\t\t\t<\/div>\n\t\t\t\t<div class=\"elementor-element elementor-element-a4cd0bc elementor-widget-divider--view-line elementor-widget elementor-widget-divider\" data-id=\"a4cd0bc\" data-element_type=\"widget\" data-widget_type=\"divider.default\">\n\t\t\t\t<div class=\"elementor-widget-container\">\n\t\t\t\t\t<div class=\"elementor-divider\">\n\t\t\t<span class=\"elementor-divider-separator\">\n\t\t\t\t\t\t<\/span>\n\t\t<\/div>\n\t\t\t\t<\/div>\n\t\t\t\t<\/div>\n\t\t\t\t\t\t<\/div>\n\t\t\t\t\t<\/div>\n\t\t<\/div>\n\t\t\t\t\t\t\t\t<\/div>\n\t\t\t\t\t<\/div>\n\t\t<\/section>\n\t\t\t\t<section class=\"elementor-section elementor-top-section elementor-element elementor-element-9826170 elementor-section-boxed elementor-section-height-default elementor-section-height-default\" data-id=\"9826170\" data-element_type=\"section\">\n\t\t\t\t\t\t<div class=\"elementor-container elementor-column-gap-default\">\n\t\t\t\t\t\t\t<div class=\"elementor-row\">\n\t\t\t\t\t<div class=\"elementor-column elementor-col-50 elementor-top-column elementor-element elementor-element-cfa39bc\" data-id=\"cfa39bc\" data-element_type=\"column\">\n\t\t\t<div class=\"elementor-column-wrap elementor-element-populated\">\n\t\t\t\t\t\t\t<div class=\"elementor-widget-wrap\">\n\t\t\t\t\t\t<div class=\"elementor-element elementor-element-7cb449c elementor-widget elementor-widget-text-editor\" data-id=\"7cb449c\" data-element_type=\"widget\" data-widget_type=\"text-editor.default\">\n\t\t\t\t<div class=\"elementor-widget-container\">\n\t\t\t\t\t\t\t\t<div class=\"elementor-text-editor elementor-clearfix\">\n\t\t\t\t<p>JMalca Abogados Asociados es un despacho multidisplinar, con 27 a\u00f1os de experiencia en Derecho de Extranjer\u00eda, Derecho Administrativo y Derecho Internacional Privado. Tambi\u00e9n atendemos otras especialidades jur\u00eddicas con nuestros abogados asociados como Civil, Familia, Sociedades, Laboral y Penal. Nuestra experiencia acumulada y la actualizaci\u00f3n constante es nuestra filosof\u00eda de trabajo.<\/p><p>Como especialistas en Derecho de Extranjer\u00eda, nos hace contar con un criterio profesional \u00fanico y muy cualificado para estudiar cada caso concreto y sus posibilidades de \u00e9xito. Tanto en la gesti\u00f3n de visados de residencia, estudios, inversores, como en permisos de residencia, trabajo, menores, arraigos, reagrupaciones familiares, familiares de comunitarios, renovaciones de residencias, residencias larga duraci\u00f3n, etc. Tambi\u00e9n llevamos Nacionalidades por residencia, sefard\u00edes, etc. con gran \u00e9xito en su resoluci\u00f3n. Y, recursos administrativos sobre denegaciones de visados o residencias y expulsiones.<\/p>\t\t\t\t\t<\/div>\n\t\t\t\t\t\t<\/div>\n\t\t\t\t<\/div>\n\t\t\t\t<div class=\"elementor-element elementor-element-65f5d82 elementor-widget elementor-widget-image\" data-id=\"65f5d82\" data-element_type=\"widget\" data-widget_type=\"image.default\">\n\t\t\t\t<div class=\"elementor-widget-container\">\n\t\t\t\t\t\t\t\t<div class=\"elementor-image\">\n\t\t\t\t\t\t\t\t\t\t\t\t<img decoding=\"async\" width=\"640\" height=\"478\" src=\"https:\/\/abogadosjmalca.com\/wp-content\/uploads\/2020\/04\/Foto-despacho2-1024x765.png\" class=\"attachment-large size-large\" alt=\"\" srcset=\"https:\/\/abogadosjmalca.com\/wp-content\/uploads\/2020\/04\/Foto-despacho2-1024x765.png 1024w, https:\/\/abogadosjmalca.com\/wp-content\/uploads\/2020\/04\/Foto-despacho2-300x224.png 300w, https:\/\/abogadosjmalca.com\/wp-content\/uploads\/2020\/04\/Foto-despacho2-768x574.png 768w, https:\/\/abogadosjmalca.com\/wp-content\/uploads\/2020\/04\/Foto-despacho2-1536x1147.png 1536w, https:\/\/abogadosjmalca.com\/wp-content\/uploads\/2020\/04\/Foto-despacho2-2048x1530.png 2048w\" sizes=\"(max-width: 640px) 100vw, 640px\" \/>\t\t\t\t\t\t\t\t\t\t\t\t\t\t<\/div>\n\t\t\t\t\t\t<\/div>\n\t\t\t\t<\/div>\n\t\t\t\t\t\t<\/div>\n\t\t\t\t\t<\/div>\n\t\t<\/div>\n\t\t\t\t<div class=\"elementor-column elementor-col-50 elementor-top-column elementor-element elementor-element-f248b11\" data-id=\"f248b11\" data-element_type=\"column\">\n\t\t\t<div class=\"elementor-column-wrap elementor-element-populated\">\n\t\t\t\t\t\t\t<div class=\"elementor-widget-wrap\">\n\t\t\t\t\t\t<div class=\"elementor-element elementor-element-f8663f2 elementor-widget elementor-widget-image\" data-id=\"f8663f2\" data-element_type=\"widget\" data-widget_type=\"image.default\">\n\t\t\t\t<div class=\"elementor-widget-container\">\n\t\t\t\t\t\t\t\t<div class=\"elementor-image\">\n\t\t\t\t\t\t\t\t\t\t\t\t<img decoding=\"async\" width=\"640\" height=\"478\" src=\"https:\/\/abogadosjmalca.com\/wp-content\/uploads\/2020\/04\/Foto-despacho1-1024x765.png\" class=\"attachment-large size-large\" alt=\"\" srcset=\"https:\/\/abogadosjmalca.com\/wp-content\/uploads\/2020\/04\/Foto-despacho1-1024x765.png 1024w, https:\/\/abogadosjmalca.com\/wp-content\/uploads\/2020\/04\/Foto-despacho1-300x224.png 300w, https:\/\/abogadosjmalca.com\/wp-content\/uploads\/2020\/04\/Foto-despacho1-768x574.png 768w, https:\/\/abogadosjmalca.com\/wp-content\/uploads\/2020\/04\/Foto-despacho1-1536x1147.png 1536w, https:\/\/abogadosjmalca.com\/wp-content\/uploads\/2020\/04\/Foto-despacho1-2048x1530.png 2048w\" sizes=\"(max-width: 640px) 100vw, 640px\" \/>\t\t\t\t\t\t\t\t\t\t\t\t\t\t<\/div>\n\t\t\t\t\t\t<\/div>\n\t\t\t\t<\/div>\n\t\t\t\t<div class=\"elementor-element elementor-element-0c3531a elementor-widget elementor-widget-text-editor\" data-id=\"0c3531a\" data-element_type=\"widget\" data-widget_type=\"text-editor.default\">\n\t\t\t\t<div class=\"elementor-widget-container\">\n\t\t\t\t\t\t\t\t<div class=\"elementor-text-editor elementor-clearfix\">\n\t\t\t\t<p>Tenemos una amplia experiencia demostrada en recursos judiciales contenciosos administrativos derivados de denegaciones de solicitudes o sanciones de extranjer\u00eda.<\/p><p>JMalca Abogados Asociados est\u00e1 ubicado en Madrid con una amplia oficina, moderna, funcional y de f\u00e1cil acceso, tanto por transporte p\u00fablico como privado. Pero, nuestro trabajo no s\u00f3lo se circunscribe en Madrid, sino en toda Espa\u00f1a.<\/p><p>Nuestro despacho, vivo y \u00e1gil, est\u00e1 plenamente adaptado a los nuevos tiempos, con las nuevas tecnolog\u00edas de trabajo y en d\u00f3nde se prioriza: el trato personalizado y extremadamente profesional; la atenci\u00f3n e informaci\u00f3n constante y veraz. \u00c9stos valores constituyen nuestras se\u00f1as de identidad.<\/p>\t\t\t\t\t<\/div>\n\t\t\t\t\t\t<\/div>\n\t\t\t\t<\/div>\n\t\t\t\t\t\t<\/div>\n\t\t\t\t\t<\/div>\n\t\t<\/div>\n\t\t\t\t\t\t\t\t<\/div>\n\t\t\t\t\t<\/div>\n\t\t<\/section>\n\t\t\t\t<section class=\"elementor-section elementor-top-section elementor-element elementor-element-259f720 elementor-section-boxed elementor-section-height-default elementor-section-height-default\" data-id=\"259f720\" data-element_type=\"section\">\n\t\t\t\t\t\t<div class=\"elementor-container elementor-column-gap-default\">\n\t\t\t\t\t\t\t<div class=\"elementor-row\">\n\t\t\t\t\t<div class=\"elementor-column elementor-col-100 elementor-top-column elementor-element elementor-element-b5e1821\" data-id=\"b5e1821\" data-element_type=\"column\">\n\t\t\t<div class=\"elementor-column-wrap elementor-element-populated\">\n\t\t\t\t\t\t\t<div class=\"elementor-widget-wrap\">\n\t\t\t\t\t\t<div class=\"elementor-element elementor-element-04c56d2 elementor-widget elementor-widget-spacer\" data-id=\"04c56d2\" data-element_type=\"widget\" data-widget_type=\"spacer.default\">\n\t\t\t\t<div class=\"elementor-widget-container\">\n\t\t\t\t\t<div class=\"elementor-spacer\">\n\t\t\t<div class=\"elementor-spacer-inner\"><\/div>\n\t\t<\/div>\n\t\t\t\t<\/div>\n\t\t\t\t<\/div>\n\t\t\t\t\t\t<\/div>\n\t\t\t\t\t<\/div>\n\t\t<\/div>\n\t\t\t\t\t\t\t\t<\/div>\n\t\t\t\t\t<\/div>\n\t\t<\/section>\n\t\t\t\t\t\t\t\t\t<\/div>\n\t\t\t<\/div>\n\t\t\t\t\t<\/div>\n\t\t","protected":false},"excerpt":{"rendered":"<p>Quienes somos JMalca Abogados Asociados es un despacho multidisplinar, con 27 a\u00f1os de experiencia en Derecho<\/p>\n<div class=\"bottom-meta clearfix\">\n<ul class=\"bottom-meta-list\">\n<li>\n<div class=\"post-more\"><a class=\"read-more\" href=\"https:\/\/abogadosjmalca.com\/index.php\/quienes-somos\/\">Read More<\/a><\/div>\n<\/li>\n<\/ul>\n<\/div>\n","protected":false},"author":1,"featured_media":0,"parent":0,"menu_order":0,"comment_status":"closed","ping_status":"closed","template":"elementor_header_footer","meta":{"footnotes":""},"_links":{"self":[{"href":"https:\/\/abogadosjmalca.com\/index.php\/wp-json\/wp\/v2\/pages\/40"}],"collection":[{"href":"https:\/\/abogadosjmalca.com\/index.php\/wp-json\/wp\/v2\/pages"}],"about":[{"href":"https:\/\/abogadosjmalca.com\/index.php\/wp-json\/wp\/v2\/types\/page"}],"author":[{"embeddable":true,"href":"https:\/\/abogadosjmalca.com\/index.php\/wp-json\/wp\/v2\/users\/1"}],"replies":[{"embeddable":true,"href":"https:\/\/abogadosjmalca.com\/index.php\/wp-json\/wp\/v2\/comments?post=40"}],"version-history":[{"count":5,"href":"https:\/\/abogadosjmalca.com\/index.php\/wp-json\/wp\/v2\/pages\/40\/revisions"}],"predecessor-version":[{"id":50,"href":"https:\/\/abogadosjmalca.com\/index.php\/wp-json\/wp\/v2\/pages\/40\/revisions\/50"}],"wp:attachment":[{"href":"https:\/\/abogadosjmalca.com\/index.php\/wp-json\/wp\/v2\/media?parent=40"}],"curies":[{"name":"wp","href":"https:\/\/api.w.org\/{rel}","templated":true}]}}