{"id":61,"date":"2020-04-30T23:16:37","date_gmt":"2020-04-30T23:16:37","guid":{"rendered":"http:\/\/abogadosjmalca.com\/?page_id=61"},"modified":"2020-07-16T15:11:13","modified_gmt":"2020-07-16T15:11:13","slug":"galeria","status":"publish","type":"page","link":"https:\/\/abogadosjmalca.com\/index.php\/galeria\/","title":{"rendered":"Galeria"},"content":{"rendered":"\t\t<div data-elementor-type=\"wp-page\" data-elementor-id=\"61\" class=\"elementor elementor-61\">\n\t\t\t\t\t\t<div class=\"elementor-inner\">\n\t\t\t\t<div class=\"elementor-section-wrap\">\n\t\t\t\t\t\t\t\t\t<section class=\"elementor-section elementor-top-section elementor-element elementor-element-d86504f elementor-section-boxed elementor-section-height-default elementor-section-height-default\" data-id=\"d86504f\" data-element_type=\"section\">\n\t\t\t\t\t\t<div class=\"elementor-container elementor-column-gap-default\">\n\t\t\t\t\t\t\t<div class=\"elementor-row\">\n\t\t\t\t\t<div class=\"elementor-column elementor-col-100 elementor-top-column elementor-element elementor-element-9a2c54f\" data-id=\"9a2c54f\" data-element_type=\"column\">\n\t\t\t<div class=\"elementor-column-wrap elementor-element-populated\">\n\t\t\t\t\t\t\t<div class=\"elementor-widget-wrap\">\n\t\t\t\t\t\t<div class=\"elementor-element elementor-element-2dbf119 elementor-widget elementor-widget-heading\" data-id=\"2dbf119\" data-element_type=\"widget\" data-widget_type=\"heading.default\">\n\t\t\t\t<div class=\"elementor-widget-container\">\n\t\t\t<h2 class=\"elementor-heading-title elementor-size-default\">Galer\u00eda<\/h2>\t\t<\/div>\n\t\t\t\t<\/div>\n\t\t\t\t<div class=\"elementor-element elementor-element-640db84 elementor-widget-divider--view-line elementor-widget elementor-widget-divider\" data-id=\"640db84\" data-element_type=\"widget\" data-widget_type=\"divider.default\">\n\t\t\t\t<div class=\"elementor-widget-container\">\n\t\t\t\t\t<div class=\"elementor-divider\">\n\t\t\t<span class=\"elementor-divider-separator\">\n\t\t\t\t\t\t<\/span>\n\t\t<\/div>\n\t\t\t\t<\/div>\n\t\t\t\t<\/div>\n\t\t\t\t\t\t<\/div>\n\t\t\t\t\t<\/div>\n\t\t<\/div>\n\t\t\t\t\t\t\t\t<\/div>\n\t\t\t\t\t<\/div>\n\t\t<\/section>\n\t\t\t\t<section class=\"elementor-section elementor-top-section elementor-element elementor-element-e055b62 elementor-section-boxed elementor-section-height-default elementor-section-height-default\" data-id=\"e055b62\" data-element_type=\"section\">\n\t\t\t\t\t\t<div class=\"elementor-container elementor-column-gap-default\">\n\t\t\t\t\t\t\t<div class=\"elementor-row\">\n\t\t\t\t\t<div class=\"elementor-column elementor-col-100 elementor-top-column elementor-element elementor-element-133130d\" data-id=\"133130d\" data-element_type=\"column\">\n\t\t\t<div class=\"elementor-column-wrap elementor-element-populated\">\n\t\t\t\t\t\t\t<div class=\"elementor-widget-wrap\">\n\t\t\t\t\t\t<div class=\"elementor-element elementor-element-766d830 elementor-widget elementor-widget-gallery\" data-id=\"766d830\" data-element_type=\"widget\" data-settings=\"{&quot;lazyload&quot;:&quot;yes&quot;,&quot;gallery_layout&quot;:&quot;grid&quot;,&quot;columns&quot;:4,&quot;columns_tablet&quot;:2,&quot;columns_mobile&quot;:1,&quot;gap&quot;:{&quot;unit&quot;:&quot;px&quot;,&quot;size&quot;:10,&quot;sizes&quot;:[]},&quot;gap_tablet&quot;:{&quot;unit&quot;:&quot;px&quot;,&quot;size&quot;:10,&quot;sizes&quot;:[]},&quot;gap_mobile&quot;:{&quot;unit&quot;:&quot;px&quot;,&quot;size&quot;:10,&quot;sizes&quot;:[]},&quot;link_to&quot;:&quot;file&quot;,&quot;aspect_ratio&quot;:&quot;3:2&quot;,&quot;show_all_galleries&quot;:&quot;yes&quot;,&quot;overlay_background&quot;:&quot;yes&quot;,&quot;content_hover_animation&quot;:&quot;fade-in&quot;}\" data-widget_type=\"gallery.default\">\n\t\t\t\t<div class=\"elementor-widget-container\">\n\t\t\t\t\t\t<div class=\"elementor-gallery__titles-container e--pointer-underline e--animation-fade\">\n\t\t\t\t\t\t\t\t\t<a data-gallery-index=\"all\" class=\"elementor-item elementor-gallery-title\">\n\t\t\t\t\t\tIm\u00e1genes\t\t\t\t\t<\/a>\n\t\t\t\t\n\t\t\t\t\t\t\t\t\t<a data-gallery-index=\"0\" class=\"elementor-item elementor-gallery-title\">\n\t\t\t\t\t\tTaller Red Internacional abogados Eureka\t\t\t\t\t<\/a>\n\t\t\t\t\t\t\t\t\t\t<a data-gallery-index=\"1\" class=\"elementor-item elementor-gallery-title\">\n\t\t\t\t\t\tConsejo General de Abogac\u00eda Espa\u00f1ola\t\t\t\t\t<\/a>\n\t\t\t\t\t\t\t\t\t\t<a data-gallery-index=\"2\" class=\"elementor-item elementor-gallery-title\">\n\t\t\t\t\t\tDesayunos jur\u00eddicos\t\t\t\t\t<\/a>\n\t\t\t\t\t\t\t\t\t\t<a data-gallery-index=\"3\" class=\"elementor-item elementor-gallery-title\">\n\t\t\t\t\t\tPresentaci\u00f3n de libros\t\t\t\t\t<\/a>\n\t\t\t\t\t\t\t\t<\/div>\n\t\t\t\t\t<div class=\"elementor-gallery__container\">\n\t\t\t\t\t\t\t<a class=\"e-gallery-item elementor-gallery-item elementor-animated-content\" data-e-gallery-tags=\"1\" href=\"https:\/\/abogadosjmalca.com\/wp-content\/uploads\/2020\/07\/Foto4.jpg\" data-elementor-open-lightbox=\"yes\" data-elementor-lightbox-slideshow=\"all-766d830\" data-elementor-lightbox-title=\"Foto4\" e-action-hash=\"#elementor-action%3Aaction%3Dlightbox%26settings%3DeyJpZCI6MTY1LCJ1cmwiOiJodHRwczpcL1wvYWJvZ2Fkb3NqbWFsY2EuY29tXC93cC1jb250ZW50XC91cGxvYWRzXC8yMDIwXC8wN1wvRm90bzQuanBnIiwic2xpZGVzaG93IjoiYWxsLTc2NmQ4MzAifQ%3D%3D\">\n\t\t\t\t\t<div class=\"e-gallery-image elementor-gallery-item__image\" data-thumbnail=\"https:\/\/abogadosjmalca.com\/wp-content\/uploads\/2020\/07\/Foto4-300x146.jpg\" data-width=\"300\" data-height=\"146\" alt=\"\" ><\/div>\n\t\t\t\t\t\t\t\t\t\t\t<div class=\"elementor-gallery-item__overlay\"><\/div>\n\t\t\t\t\t\t\t\t\t\t\t\t\t\t<\/a>\n\t\t\t\t\t\t\t<a class=\"e-gallery-item elementor-gallery-item elementor-animated-content\" data-e-gallery-tags=\"3\" href=\"https:\/\/abogadosjmalca.com\/wp-content\/uploads\/2020\/07\/Foto6.jpg\" data-elementor-open-lightbox=\"yes\" data-elementor-lightbox-slideshow=\"all-766d830\" data-elementor-lightbox-title=\"Foto6\" e-action-hash=\"#elementor-action%3Aaction%3Dlightbox%26settings%3DeyJpZCI6MTY3LCJ1cmwiOiJodHRwczpcL1wvYWJvZ2Fkb3NqbWFsY2EuY29tXC93cC1jb250ZW50XC91cGxvYWRzXC8yMDIwXC8wN1wvRm90bzYuanBnIiwic2xpZGVzaG93IjoiYWxsLTc2NmQ4MzAifQ%3D%3D\">\n\t\t\t\t\t<div class=\"e-gallery-image elementor-gallery-item__image\" data-thumbnail=\"https:\/\/abogadosjmalca.com\/wp-content\/uploads\/2020\/07\/Foto6-300x224.jpg\" data-width=\"300\" data-height=\"224\" alt=\"\" ><\/div>\n\t\t\t\t\t\t\t\t\t\t\t<div class=\"elementor-gallery-item__overlay\"><\/div>\n\t\t\t\t\t\t\t\t\t\t\t\t\t\t<\/a>\n\t\t\t\t\t\t\t<a class=\"e-gallery-item elementor-gallery-item elementor-animated-content\" data-e-gallery-tags=\"3\" href=\"https:\/\/abogadosjmalca.com\/wp-content\/uploads\/2020\/07\/Foto8-scaled.jpg\" data-elementor-open-lightbox=\"yes\" data-elementor-lightbox-slideshow=\"all-766d830\" data-elementor-lightbox-title=\"Foto8\" e-action-hash=\"#elementor-action%3Aaction%3Dlightbox%26settings%3DeyJpZCI6MTcwLCJ1cmwiOiJodHRwczpcL1wvYWJvZ2Fkb3NqbWFsY2EuY29tXC93cC1jb250ZW50XC91cGxvYWRzXC8yMDIwXC8wN1wvRm90bzgtc2NhbGVkLmpwZyIsInNsaWRlc2hvdyI6ImFsbC03NjZkODMwIn0%3D\">\n\t\t\t\t\t<div class=\"e-gallery-image elementor-gallery-item__image\" data-thumbnail=\"https:\/\/abogadosjmalca.com\/wp-content\/uploads\/2020\/07\/Foto8-300x224.jpg\" data-width=\"300\" data-height=\"224\" alt=\"\" ><\/div>\n\t\t\t\t\t\t\t\t\t\t\t<div class=\"elementor-gallery-item__overlay\"><\/div>\n\t\t\t\t\t\t\t\t\t\t\t\t\t\t<\/a>\n\t\t\t\t\t\t\t<a class=\"e-gallery-item elementor-gallery-item elementor-animated-content\" data-e-gallery-tags=\"0\" href=\"https:\/\/abogadosjmalca.com\/wp-content\/uploads\/2020\/07\/Foto2.jpg\" data-elementor-open-lightbox=\"yes\" data-elementor-lightbox-slideshow=\"all-766d830\" data-elementor-lightbox-title=\"Foto2\" e-action-hash=\"#elementor-action%3Aaction%3Dlightbox%26settings%3DeyJpZCI6MTYzLCJ1cmwiOiJodHRwczpcL1wvYWJvZ2Fkb3NqbWFsY2EuY29tXC93cC1jb250ZW50XC91cGxvYWRzXC8yMDIwXC8wN1wvRm90bzIuanBnIiwic2xpZGVzaG93IjoiYWxsLTc2NmQ4MzAifQ%3D%3D\">\n\t\t\t\t\t<div class=\"e-gallery-image elementor-gallery-item__image\" data-thumbnail=\"https:\/\/abogadosjmalca.com\/wp-content\/uploads\/2020\/07\/Foto2-300x225.jpg\" data-width=\"300\" data-height=\"225\" alt=\"\" ><\/div>\n\t\t\t\t\t\t\t\t\t\t\t<div class=\"elementor-gallery-item__overlay\"><\/div>\n\t\t\t\t\t\t\t\t\t\t\t\t\t\t<\/a>\n\t\t\t\t\t\t\t<a class=\"e-gallery-item elementor-gallery-item elementor-animated-content\" data-e-gallery-tags=\"2\" href=\"https:\/\/abogadosjmalca.com\/wp-content\/uploads\/2020\/07\/Foto5.jpg\" data-elementor-open-lightbox=\"yes\" data-elementor-lightbox-slideshow=\"all-766d830\" data-elementor-lightbox-title=\"Foto5\" e-action-hash=\"#elementor-action%3Aaction%3Dlightbox%26settings%3DeyJpZCI6MTY2LCJ1cmwiOiJodHRwczpcL1wvYWJvZ2Fkb3NqbWFsY2EuY29tXC93cC1jb250ZW50XC91cGxvYWRzXC8yMDIwXC8wN1wvRm90bzUuanBnIiwic2xpZGVzaG93IjoiYWxsLTc2NmQ4MzAifQ%3D%3D\">\n\t\t\t\t\t<div class=\"e-gallery-image elementor-gallery-item__image\" data-thumbnail=\"https:\/\/abogadosjmalca.com\/wp-content\/uploads\/2020\/07\/Foto5-300x224.jpg\" data-width=\"300\" data-height=\"224\" alt=\"\" ><\/div>\n\t\t\t\t\t\t\t\t\t\t\t<div class=\"elementor-gallery-item__overlay\"><\/div>\n\t\t\t\t\t\t\t\t\t\t\t\t\t\t<\/a>\n\t\t\t\t\t\t\t<a class=\"e-gallery-item elementor-gallery-item elementor-animated-content\" data-e-gallery-tags=\"0\" href=\"https:\/\/abogadosjmalca.com\/wp-content\/uploads\/2020\/07\/Foto3.jpg\" data-elementor-open-lightbox=\"yes\" data-elementor-lightbox-slideshow=\"all-766d830\" data-elementor-lightbox-title=\"Foto3\" e-action-hash=\"#elementor-action%3Aaction%3Dlightbox%26settings%3DeyJpZCI6MTY0LCJ1cmwiOiJodHRwczpcL1wvYWJvZ2Fkb3NqbWFsY2EuY29tXC93cC1jb250ZW50XC91cGxvYWRzXC8yMDIwXC8wN1wvRm90bzMuanBnIiwic2xpZGVzaG93IjoiYWxsLTc2NmQ4MzAifQ%3D%3D\">\n\t\t\t\t\t<div class=\"e-gallery-image elementor-gallery-item__image\" data-thumbnail=\"https:\/\/abogadosjmalca.com\/wp-content\/uploads\/2020\/07\/Foto3-300x200.jpg\" data-width=\"300\" data-height=\"200\" alt=\"\" ><\/div>\n\t\t\t\t\t\t\t\t\t\t\t<div class=\"elementor-gallery-item__overlay\"><\/div>\n\t\t\t\t\t\t\t\t\t\t\t\t\t\t<\/a>\n\t\t\t\t\t\t\t<a class=\"e-gallery-item elementor-gallery-item elementor-animated-content\" data-e-gallery-tags=\"0\" href=\"https:\/\/abogadosjmalca.com\/wp-content\/uploads\/2020\/07\/Foto1.jpg\" data-elementor-open-lightbox=\"yes\" data-elementor-lightbox-slideshow=\"all-766d830\" data-elementor-lightbox-title=\"Foto1\" e-action-hash=\"#elementor-action%3Aaction%3Dlightbox%26settings%3DeyJpZCI6MTYyLCJ1cmwiOiJodHRwczpcL1wvYWJvZ2Fkb3NqbWFsY2EuY29tXC93cC1jb250ZW50XC91cGxvYWRzXC8yMDIwXC8wN1wvRm90bzEuanBnIiwic2xpZGVzaG93IjoiYWxsLTc2NmQ4MzAifQ%3D%3D\">\n\t\t\t\t\t<div class=\"e-gallery-image elementor-gallery-item__image\" data-thumbnail=\"https:\/\/abogadosjmalca.com\/wp-content\/uploads\/2020\/07\/Foto1-300x225.jpg\" data-width=\"300\" data-height=\"225\" alt=\"\" ><\/div>\n\t\t\t\t\t\t\t\t\t\t\t<div class=\"elementor-gallery-item__overlay\"><\/div>\n\t\t\t\t\t\t\t\t\t\t\t\t\t\t<\/a>\n\t\t\t\t\t\t\t<a class=\"e-gallery-item elementor-gallery-item elementor-animated-content\" data-e-gallery-tags=\"3\" href=\"https:\/\/abogadosjmalca.com\/wp-content\/uploads\/2020\/07\/Foto7-scaled.jpg\" data-elementor-open-lightbox=\"yes\" data-elementor-lightbox-slideshow=\"all-766d830\" data-elementor-lightbox-title=\"Foto7\" e-action-hash=\"#elementor-action%3Aaction%3Dlightbox%26settings%3DeyJpZCI6MTY5LCJ1cmwiOiJodHRwczpcL1wvYWJvZ2Fkb3NqbWFsY2EuY29tXC93cC1jb250ZW50XC91cGxvYWRzXC8yMDIwXC8wN1wvRm90bzctc2NhbGVkLmpwZyIsInNsaWRlc2hvdyI6ImFsbC03NjZkODMwIn0%3D\">\n\t\t\t\t\t<div class=\"e-gallery-image elementor-gallery-item__image\" data-thumbnail=\"https:\/\/abogadosjmalca.com\/wp-content\/uploads\/2020\/07\/Foto7-300x224.jpg\" data-width=\"300\" data-height=\"224\" alt=\"\" ><\/div>\n\t\t\t\t\t\t\t\t\t\t\t<div class=\"elementor-gallery-item__overlay\"><\/div>\n\t\t\t\t\t\t\t\t\t\t\t\t\t\t<\/a>\n\t\t\t\t\t<\/div>\n\t\t\t<\/div>\n\t\t\t\t<\/div>\n\t\t\t\t\t\t<\/div>\n\t\t\t\t\t<\/div>\n\t\t<\/div>\n\t\t\t\t\t\t\t\t<\/div>\n\t\t\t\t\t<\/div>\n\t\t<\/section>\n\t\t\t\t<section class=\"elementor-section elementor-top-section elementor-element elementor-element-1aa05a5 elementor-section-boxed elementor-section-height-default elementor-section-height-default\" data-id=\"1aa05a5\" data-element_type=\"section\">\n\t\t\t\t\t\t<div class=\"elementor-container elementor-column-gap-default\">\n\t\t\t\t\t\t\t<div class=\"elementor-row\">\n\t\t\t\t\t<div class=\"elementor-column elementor-col-100 elementor-top-column elementor-element elementor-element-435a4ee\" data-id=\"435a4ee\" data-element_type=\"column\">\n\t\t\t<div class=\"elementor-column-wrap elementor-element-populated\">\n\t\t\t\t\t\t\t<div class=\"elementor-widget-wrap\">\n\t\t\t\t\t\t<div class=\"elementor-element elementor-element-47dd083 elementor-widget elementor-widget-spacer\" data-id=\"47dd083\" data-element_type=\"widget\" data-widget_type=\"spacer.default\">\n\t\t\t\t<div class=\"elementor-widget-container\">\n\t\t\t\t\t<div class=\"elementor-spacer\">\n\t\t\t<div class=\"elementor-spacer-inner\"><\/div>\n\t\t<\/div>\n\t\t\t\t<\/div>\n\t\t\t\t<\/div>\n\t\t\t\t\t\t<\/div>\n\t\t\t\t\t<\/div>\n\t\t<\/div>\n\t\t\t\t\t\t\t\t<\/div>\n\t\t\t\t\t<\/div>\n\t\t<\/section>\n\t\t\t\t\t\t\t\t\t<\/div>\n\t\t\t<\/div>\n\t\t\t\t\t<\/div>\n\t\t","protected":false},"excerpt":{"rendered":"<p>Galer\u00eda Im\u00e1genes Taller Red Internacional abogados Eureka Consejo General de Abogac\u00eda Espa\u00f1ola Desayunos jur\u00eddicos Presentaci\u00f3n de<\/p>\n<div class=\"bottom-meta clearfix\">\n<ul class=\"bottom-meta-list\">\n<li>\n<div class=\"post-more\"><a class=\"read-more\" href=\"https:\/\/abogadosjmalca.com\/index.php\/galeria\/\">Read More<\/a><\/div>\n<\/li>\n<\/ul>\n<\/div>\n","protected":false},"author":1,"featured_media":0,"parent":0,"menu_order":0,"comment_status":"closed","ping_status":"closed","template":"elementor_header_footer","meta":{"footnotes":""},"_links":{"self":[{"href":"https:\/\/abogadosjmalca.com\/index.php\/wp-json\/wp\/v2\/pages\/61"}],"collection":[{"href":"https:\/\/abogadosjmalca.com\/index.php\/wp-json\/wp\/v2\/pages"}],"about":[{"href":"https:\/\/abogadosjmalca.com\/index.php\/wp-json\/wp\/v2\/types\/page"}],"author":[{"embeddable":true,"href":"https:\/\/abogadosjmalca.com\/index.php\/wp-json\/wp\/v2\/users\/1"}],"replies":[{"embeddable":true,"href":"https:\/\/abogadosjmalca.com\/index.php\/wp-json\/wp\/v2\/comments?post=61"}],"version-history":[{"count":9,"href":"https:\/\/abogadosjmalca.com\/index.php\/wp-json\/wp\/v2\/pages\/61\/revisions"}],"predecessor-version":[{"id":201,"href":"https:\/\/abogadosjmalca.com\/index.php\/wp-json\/wp\/v2\/pages\/61\/revisions\/201"}],"wp:attachment":[{"href":"https:\/\/abogadosjmalca.com\/index.php\/wp-json\/wp\/v2\/media?parent=61"}],"curies":[{"name":"wp","href":"https:\/\/api.w.org\/{rel}","templated":true}]}}