{"id":65,"date":"2020-04-30T23:19:20","date_gmt":"2020-04-30T23:19:20","guid":{"rendered":"http:\/\/abogadosjmalca.com\/?page_id=65"},"modified":"2020-07-28T14:42:46","modified_gmt":"2020-07-28T14:42:46","slug":"actividades","status":"publish","type":"page","link":"https:\/\/abogadosjmalca.com\/index.php\/actividades\/","title":{"rendered":"Servicios"},"content":{"rendered":"\t\t<div data-elementor-type=\"wp-page\" data-elementor-id=\"65\" class=\"elementor elementor-65\">\n\t\t\t\t\t\t<div class=\"elementor-inner\">\n\t\t\t\t<div class=\"elementor-section-wrap\">\n\t\t\t\t\t\t\t\t\t<section class=\"elementor-section elementor-top-section elementor-element elementor-element-f734428 elementor-section-boxed elementor-section-height-default elementor-section-height-default\" data-id=\"f734428\" data-element_type=\"section\">\n\t\t\t\t\t\t<div class=\"elementor-container elementor-column-gap-default\">\n\t\t\t\t\t\t\t<div class=\"elementor-row\">\n\t\t\t\t\t<div class=\"elementor-column elementor-col-100 elementor-top-column elementor-element elementor-element-8915aa6\" data-id=\"8915aa6\" data-element_type=\"column\">\n\t\t\t<div class=\"elementor-column-wrap elementor-element-populated\">\n\t\t\t\t\t\t\t<div class=\"elementor-widget-wrap\">\n\t\t\t\t\t\t<div class=\"elementor-element elementor-element-6609ca3 elementor-widget elementor-widget-spacer\" data-id=\"6609ca3\" data-element_type=\"widget\" data-widget_type=\"spacer.default\">\n\t\t\t\t<div class=\"elementor-widget-container\">\n\t\t\t\t\t<div class=\"elementor-spacer\">\n\t\t\t<div class=\"elementor-spacer-inner\"><\/div>\n\t\t<\/div>\n\t\t\t\t<\/div>\n\t\t\t\t<\/div>\n\t\t\t\t\t\t<\/div>\n\t\t\t\t\t<\/div>\n\t\t<\/div>\n\t\t\t\t\t\t\t\t<\/div>\n\t\t\t\t\t<\/div>\n\t\t<\/section>\n\t\t\t\t<section class=\"elementor-section elementor-top-section elementor-element elementor-element-45fab13 elementor-section-boxed elementor-section-height-default elementor-section-height-default\" data-id=\"45fab13\" data-element_type=\"section\">\n\t\t\t\t\t\t<div class=\"elementor-container elementor-column-gap-default\">\n\t\t\t\t\t\t\t<div class=\"elementor-row\">\n\t\t\t\t\t<div class=\"elementor-column elementor-col-100 elementor-top-column elementor-element elementor-element-01d0586\" data-id=\"01d0586\" data-element_type=\"column\">\n\t\t\t<div class=\"elementor-column-wrap elementor-element-populated\">\n\t\t\t\t\t\t\t<div class=\"elementor-widget-wrap\">\n\t\t\t\t\t\t<div class=\"elementor-element elementor-element-1be9068 elementor-widget elementor-widget-heading\" data-id=\"1be9068\" data-element_type=\"widget\" data-widget_type=\"heading.default\">\n\t\t\t\t<div class=\"elementor-widget-container\">\n\t\t\t<h2 class=\"elementor-heading-title elementor-size-default\">Servicios<\/h2>\t\t<\/div>\n\t\t\t\t<\/div>\n\t\t\t\t<div class=\"elementor-element elementor-element-724104f elementor-widget-divider--view-line elementor-widget elementor-widget-divider\" data-id=\"724104f\" data-element_type=\"widget\" data-widget_type=\"divider.default\">\n\t\t\t\t<div class=\"elementor-widget-container\">\n\t\t\t\t\t<div class=\"elementor-divider\">\n\t\t\t<span class=\"elementor-divider-separator\">\n\t\t\t\t\t\t<\/span>\n\t\t<\/div>\n\t\t\t\t<\/div>\n\t\t\t\t<\/div>\n\t\t\t\t<div class=\"elementor-element elementor-element-f9df512 elementor-widget elementor-widget-spacer\" data-id=\"f9df512\" data-element_type=\"widget\" data-widget_type=\"spacer.default\">\n\t\t\t\t<div class=\"elementor-widget-container\">\n\t\t\t\t\t<div class=\"elementor-spacer\">\n\t\t\t<div class=\"elementor-spacer-inner\"><\/div>\n\t\t<\/div>\n\t\t\t\t<\/div>\n\t\t\t\t<\/div>\n\t\t\t\t\t\t<\/div>\n\t\t\t\t\t<\/div>\n\t\t<\/div>\n\t\t\t\t\t\t\t\t<\/div>\n\t\t\t\t\t<\/div>\n\t\t<\/section>\n\t\t\t\t<section class=\"elementor-section elementor-top-section elementor-element elementor-element-b5af01f elementor-section-boxed elementor-section-height-default elementor-section-height-default\" data-id=\"b5af01f\" data-element_type=\"section\">\n\t\t\t\t\t\t<div class=\"elementor-container elementor-column-gap-default\">\n\t\t\t\t\t\t\t<div class=\"elementor-row\">\n\t\t\t\t\t<div class=\"elementor-column elementor-col-100 elementor-top-column elementor-element elementor-element-55f80ef\" data-id=\"55f80ef\" data-element_type=\"column\">\n\t\t\t<div class=\"elementor-column-wrap elementor-element-populated\">\n\t\t\t\t\t\t\t<div class=\"elementor-widget-wrap\">\n\t\t\t\t\t\t<div class=\"elementor-element elementor-element-592402c elementor-widget elementor-widget-heading\" data-id=\"592402c\" data-element_type=\"widget\" data-widget_type=\"heading.default\">\n\t\t\t\t<div class=\"elementor-widget-container\">\n\t\t\t<h3 class=\"elementor-heading-title elementor-size-default\">Nacionalidad Espa\u00f1ola<\/h3>\t\t<\/div>\n\t\t\t\t<\/div>\n\t\t\t\t<div class=\"elementor-element elementor-element-894459a elementor-widget-divider--view-line elementor-widget elementor-widget-divider\" data-id=\"894459a\" data-element_type=\"widget\" data-widget_type=\"divider.default\">\n\t\t\t\t<div class=\"elementor-widget-container\">\n\t\t\t\t\t<div class=\"elementor-divider\">\n\t\t\t<span class=\"elementor-divider-separator\">\n\t\t\t\t\t\t<\/span>\n\t\t<\/div>\n\t\t\t\t<\/div>\n\t\t\t\t<\/div>\n\t\t\t\t\t\t<\/div>\n\t\t\t\t\t<\/div>\n\t\t<\/div>\n\t\t\t\t\t\t\t\t<\/div>\n\t\t\t\t\t<\/div>\n\t\t<\/section>\n\t\t\t\t<section class=\"elementor-section elementor-top-section elementor-element elementor-element-1cd6d65 elementor-section-boxed elementor-section-height-default elementor-section-height-default\" data-id=\"1cd6d65\" data-element_type=\"section\">\n\t\t\t\t\t\t<div class=\"elementor-container elementor-column-gap-default\">\n\t\t\t\t\t\t\t<div class=\"elementor-row\">\n\t\t\t\t\t<div class=\"elementor-column elementor-col-50 elementor-top-column elementor-element elementor-element-c51e368\" data-id=\"c51e368\" data-element_type=\"column\">\n\t\t\t<div class=\"elementor-column-wrap elementor-element-populated\">\n\t\t\t\t\t\t\t<div class=\"elementor-widget-wrap\">\n\t\t\t\t\t\t<div class=\"elementor-element elementor-element-2fc34da elementor-widget elementor-widget-text-editor\" data-id=\"2fc34da\" data-element_type=\"widget\" data-widget_type=\"text-editor.default\">\n\t\t\t\t<div class=\"elementor-widget-container\">\n\t\t\t\t\t\t\t\t<div class=\"elementor-text-editor elementor-clearfix\">\n\t\t\t\t<ul><li>Asesor\u00eda jur\u00eddica.<\/li><li>Gesti\u00f3n de ex\u00e1menes CCSE y DELE.<\/li><li>Gesti\u00f3n de solicitud y seguimiento de prejura y\/o jura.<ul><li>Por opci\u00f3n.<\/li><li>Por residencia.<ul><li>Nacidos en territorio espa\u00f1ol.<\/li><li>Quienes no hayan ejercido oportunamente la facultad de optar.<\/li><li>Personas en r\u00e9gimen de tutela, guarda o acogimiento no provisional por persona f\u00edsica o instituci\u00f3n espa\u00f1ola.<\/li><li>Casado\/a con espa\u00f1ol\/a.<\/li><li>Viuda\/o de un ciudadano espa\u00f1ol.<\/li><li>Descendiente de espa\u00f1ol.<\/li><\/ul><\/li><\/ul><\/li><li>Interposici\u00f3n de Quejas.<\/li><li>Inscripci\u00f3n de nacimiento, s\u00ed procede.<\/li><li>Gesti\u00f3n de DNI y Pasaporte.<\/li><li>Recursos sobre denegaci\u00f3n de la Nacionalidad.<\/li><\/ul>\t\t\t\t\t<\/div>\n\t\t\t\t\t\t<\/div>\n\t\t\t\t<\/div>\n\t\t\t\t\t\t<\/div>\n\t\t\t\t\t<\/div>\n\t\t<\/div>\n\t\t\t\t<div class=\"elementor-column elementor-col-50 elementor-top-column elementor-element elementor-element-6856cf6\" data-id=\"6856cf6\" data-element_type=\"column\">\n\t\t\t<div class=\"elementor-column-wrap elementor-element-populated\">\n\t\t\t\t\t\t\t<div class=\"elementor-widget-wrap\">\n\t\t\t\t\t\t<div class=\"elementor-element elementor-element-c728aa4 elementor-widget elementor-widget-image\" data-id=\"c728aa4\" data-element_type=\"widget\" data-widget_type=\"image.default\">\n\t\t\t\t<div class=\"elementor-widget-container\">\n\t\t\t\t\t\t\t\t<div class=\"elementor-image\">\n\t\t\t\t\t\t\t\t\t\t\t\t<img decoding=\"async\" width=\"640\" height=\"360\" src=\"https:\/\/abogadosjmalca.com\/wp-content\/uploads\/2020\/07\/Nac.Espa\u00f1ola_25-1024x576.jpg\" class=\"attachment-large size-large\" alt=\"\" srcset=\"https:\/\/abogadosjmalca.com\/wp-content\/uploads\/2020\/07\/Nac.Espa\u00f1ola_25-1024x576.jpg 1024w, https:\/\/abogadosjmalca.com\/wp-content\/uploads\/2020\/07\/Nac.Espa\u00f1ola_25-300x169.jpg 300w, https:\/\/abogadosjmalca.com\/wp-content\/uploads\/2020\/07\/Nac.Espa\u00f1ola_25-768x432.jpg 768w, https:\/\/abogadosjmalca.com\/wp-content\/uploads\/2020\/07\/Nac.Espa\u00f1ola_25.jpg 1155w\" sizes=\"(max-width: 640px) 100vw, 640px\" \/>\t\t\t\t\t\t\t\t\t\t\t\t\t\t<\/div>\n\t\t\t\t\t\t<\/div>\n\t\t\t\t<\/div>\n\t\t\t\t\t\t<\/div>\n\t\t\t\t\t<\/div>\n\t\t<\/div>\n\t\t\t\t\t\t\t\t<\/div>\n\t\t\t\t\t<\/div>\n\t\t<\/section>\n\t\t\t\t<section class=\"elementor-section elementor-top-section elementor-element elementor-element-5a9551a elementor-section-boxed elementor-section-height-default elementor-section-height-default\" data-id=\"5a9551a\" data-element_type=\"section\">\n\t\t\t\t\t\t<div class=\"elementor-container elementor-column-gap-default\">\n\t\t\t\t\t\t\t<div class=\"elementor-row\">\n\t\t\t\t\t<div class=\"elementor-column elementor-col-100 elementor-top-column elementor-element elementor-element-1b47543\" data-id=\"1b47543\" data-element_type=\"column\">\n\t\t\t<div class=\"elementor-column-wrap elementor-element-populated\">\n\t\t\t\t\t\t\t<div class=\"elementor-widget-wrap\">\n\t\t\t\t\t\t<div class=\"elementor-element elementor-element-728b21e elementor-widget elementor-widget-spacer\" data-id=\"728b21e\" data-element_type=\"widget\" data-widget_type=\"spacer.default\">\n\t\t\t\t<div class=\"elementor-widget-container\">\n\t\t\t\t\t<div class=\"elementor-spacer\">\n\t\t\t<div class=\"elementor-spacer-inner\"><\/div>\n\t\t<\/div>\n\t\t\t\t<\/div>\n\t\t\t\t<\/div>\n\t\t\t\t\t\t<\/div>\n\t\t\t\t\t<\/div>\n\t\t<\/div>\n\t\t\t\t\t\t\t\t<\/div>\n\t\t\t\t\t<\/div>\n\t\t<\/section>\n\t\t\t\t<section class=\"elementor-section elementor-top-section elementor-element elementor-element-7b4eb12 elementor-section-boxed elementor-section-height-default elementor-section-height-default\" data-id=\"7b4eb12\" data-element_type=\"section\">\n\t\t\t\t\t\t<div class=\"elementor-container elementor-column-gap-default\">\n\t\t\t\t\t\t\t<div class=\"elementor-row\">\n\t\t\t\t\t<div class=\"elementor-column elementor-col-100 elementor-top-column elementor-element elementor-element-62a9dcd\" data-id=\"62a9dcd\" data-element_type=\"column\">\n\t\t\t<div class=\"elementor-column-wrap elementor-element-populated\">\n\t\t\t\t\t\t\t<div class=\"elementor-widget-wrap\">\n\t\t\t\t\t\t<div class=\"elementor-element elementor-element-a14e746 elementor-widget elementor-widget-heading\" data-id=\"a14e746\" data-element_type=\"widget\" data-widget_type=\"heading.default\">\n\t\t\t\t<div class=\"elementor-widget-container\">\n\t\t\t<h2 class=\"elementor-heading-title elementor-size-default\">Extranjer\u00eda<\/h2>\t\t<\/div>\n\t\t\t\t<\/div>\n\t\t\t\t<div class=\"elementor-element elementor-element-3b89bc9 elementor-widget-divider--view-line elementor-widget elementor-widget-divider\" data-id=\"3b89bc9\" data-element_type=\"widget\" data-widget_type=\"divider.default\">\n\t\t\t\t<div class=\"elementor-widget-container\">\n\t\t\t\t\t<div class=\"elementor-divider\">\n\t\t\t<span class=\"elementor-divider-separator\">\n\t\t\t\t\t\t<\/span>\n\t\t<\/div>\n\t\t\t\t<\/div>\n\t\t\t\t<\/div>\n\t\t\t\t\t\t<\/div>\n\t\t\t\t\t<\/div>\n\t\t<\/div>\n\t\t\t\t\t\t\t\t<\/div>\n\t\t\t\t\t<\/div>\n\t\t<\/section>\n\t\t\t\t<section class=\"elementor-section elementor-top-section elementor-element elementor-element-49c27eb elementor-section-boxed elementor-section-height-default elementor-section-height-default\" data-id=\"49c27eb\" data-element_type=\"section\">\n\t\t\t\t\t\t<div class=\"elementor-container elementor-column-gap-default\">\n\t\t\t\t\t\t\t<div class=\"elementor-row\">\n\t\t\t\t\t<div class=\"elementor-column elementor-col-50 elementor-top-column elementor-element elementor-element-9516f8e\" data-id=\"9516f8e\" data-element_type=\"column\">\n\t\t\t<div class=\"elementor-column-wrap elementor-element-populated\">\n\t\t\t\t\t\t\t<div class=\"elementor-widget-wrap\">\n\t\t\t\t\t\t<div class=\"elementor-element elementor-element-30a8b5a elementor-widget elementor-widget-image\" data-id=\"30a8b5a\" data-element_type=\"widget\" data-widget_type=\"image.default\">\n\t\t\t\t<div class=\"elementor-widget-container\">\n\t\t\t\t\t\t\t\t<div class=\"elementor-image\">\n\t\t\t\t\t\t\t\t\t\t\t\t<img decoding=\"async\" width=\"640\" height=\"427\" src=\"https:\/\/abogadosjmalca.com\/wp-content\/uploads\/2020\/07\/Practicas-profesionales_25-1024x683.jpg\" class=\"attachment-large size-large\" alt=\"\" srcset=\"https:\/\/abogadosjmalca.com\/wp-content\/uploads\/2020\/07\/Practicas-profesionales_25-1024x683.jpg 1024w, https:\/\/abogadosjmalca.com\/wp-content\/uploads\/2020\/07\/Practicas-profesionales_25-300x200.jpg 300w, https:\/\/abogadosjmalca.com\/wp-content\/uploads\/2020\/07\/Practicas-profesionales_25-768x512.jpg 768w, https:\/\/abogadosjmalca.com\/wp-content\/uploads\/2020\/07\/Practicas-profesionales_25-272x182.jpg 272w, https:\/\/abogadosjmalca.com\/wp-content\/uploads\/2020\/07\/Practicas-profesionales_25.jpg 1299w\" sizes=\"(max-width: 640px) 100vw, 640px\" \/>\t\t\t\t\t\t\t\t\t\t\t\t\t\t<\/div>\n\t\t\t\t\t\t<\/div>\n\t\t\t\t<\/div>\n\t\t\t\t\t\t<\/div>\n\t\t\t\t\t<\/div>\n\t\t<\/div>\n\t\t\t\t<div class=\"elementor-column elementor-col-50 elementor-top-column elementor-element elementor-element-139f2a4\" data-id=\"139f2a4\" data-element_type=\"column\">\n\t\t\t<div class=\"elementor-column-wrap elementor-element-populated\">\n\t\t\t\t\t\t\t<div class=\"elementor-widget-wrap\">\n\t\t\t\t\t\t<div class=\"elementor-element elementor-element-fb95eb1 elementor-widget elementor-widget-text-editor\" data-id=\"fb95eb1\" data-element_type=\"widget\" data-widget_type=\"text-editor.default\">\n\t\t\t\t<div class=\"elementor-widget-container\">\n\t\t\t\t\t\t\t\t<div class=\"elementor-text-editor elementor-clearfix\">\n\t\t\t\t<ul><li>An\u00e1lisis del perfil jur\u00eddico.<\/li><li><strong>R\u00e9gimen Comunitario.<\/strong> Tarjeta Comunitaria. Tarjeta Comunitaria Permanente. Certificado de Residencia de Ciudadanos de la Uni\u00f3n Europea. Familia Extensa. Familiares de Residentes Comunitarios.<\/li><li><strong>Autorizaciones de Residencia y Trabajo.<\/strong> Residencia por Cuenta Ajena. Residencia por Cuenta Propia. Residencia No Lucrativa.<\/li><li>Visado y Estancia por Estudios. Renovaci\u00f3n Estancia por Estudios. Familiares de Estudiantes<\/li><li><strong>Residencia para B\u00fasqueda de Empleo<\/strong>.<\/li><li><strong>Pr\u00e1cticas Profesionales<\/strong>.<\/li><li><strong>Residencias por Circunstancias Excepcionales.<\/strong> Arraigo Social. Arraigo Laboral. Arraigo Familiar.<\/li><li><strong>Reagrupaci\u00f3n Familiar.<\/strong><\/li><li><strong>Matrimonio y Parejas de Hecho.<\/strong><\/li><li><strong>Inversionistas y Personal Altamente Cualificado. <\/strong>Ley de Emprendedores. Golden Visa. Inversores. Profesionales Altamente Cualificados. Familiares.<\/li><li>Residencia de Larga Duraci\u00f3n y Larga Duraci\u00f3n UE.<\/li><li>Visados para entrar a Espa\u00f1a.<\/li><li><strong>Expulsiones<\/strong><\/li><li><strong>Rechazos en frontera<\/strong><\/li><\/ul>\t\t\t\t\t<\/div>\n\t\t\t\t\t\t<\/div>\n\t\t\t\t<\/div>\n\t\t\t\t\t\t<\/div>\n\t\t\t\t\t<\/div>\n\t\t<\/div>\n\t\t\t\t\t\t\t\t<\/div>\n\t\t\t\t\t<\/div>\n\t\t<\/section>\n\t\t\t\t<section class=\"elementor-section elementor-top-section elementor-element elementor-element-a05d03e elementor-section-boxed elementor-section-height-default elementor-section-height-default\" data-id=\"a05d03e\" data-element_type=\"section\">\n\t\t\t\t\t\t<div class=\"elementor-container elementor-column-gap-default\">\n\t\t\t\t\t\t\t<div class=\"elementor-row\">\n\t\t\t\t\t<div class=\"elementor-column elementor-col-100 elementor-top-column elementor-element elementor-element-d202177\" data-id=\"d202177\" data-element_type=\"column\">\n\t\t\t<div class=\"elementor-column-wrap elementor-element-populated\">\n\t\t\t\t\t\t\t<div class=\"elementor-widget-wrap\">\n\t\t\t\t\t\t<div class=\"elementor-element elementor-element-18d42e5 elementor-widget elementor-widget-spacer\" data-id=\"18d42e5\" data-element_type=\"widget\" data-widget_type=\"spacer.default\">\n\t\t\t\t<div class=\"elementor-widget-container\">\n\t\t\t\t\t<div class=\"elementor-spacer\">\n\t\t\t<div class=\"elementor-spacer-inner\"><\/div>\n\t\t<\/div>\n\t\t\t\t<\/div>\n\t\t\t\t<\/div>\n\t\t\t\t\t\t<\/div>\n\t\t\t\t\t<\/div>\n\t\t<\/div>\n\t\t\t\t\t\t\t\t<\/div>\n\t\t\t\t\t<\/div>\n\t\t<\/section>\n\t\t\t\t<section class=\"elementor-section elementor-top-section elementor-element elementor-element-e5cf7a3 elementor-section-boxed elementor-section-height-default elementor-section-height-default\" data-id=\"e5cf7a3\" data-element_type=\"section\">\n\t\t\t\t\t\t<div class=\"elementor-container elementor-column-gap-default\">\n\t\t\t\t\t\t\t<div class=\"elementor-row\">\n\t\t\t\t\t<div class=\"elementor-column elementor-col-100 elementor-top-column elementor-element elementor-element-57acbb5\" data-id=\"57acbb5\" data-element_type=\"column\">\n\t\t\t<div class=\"elementor-column-wrap elementor-element-populated\">\n\t\t\t\t\t\t\t<div class=\"elementor-widget-wrap\">\n\t\t\t\t\t\t<div class=\"elementor-element elementor-element-81324b9 elementor-widget elementor-widget-heading\" data-id=\"81324b9\" data-element_type=\"widget\" data-widget_type=\"heading.default\">\n\t\t\t\t<div class=\"elementor-widget-container\">\n\t\t\t<h2 class=\"elementor-heading-title elementor-size-default\">Divorcio, matrimonio, parejas de hecho<\/h2>\t\t<\/div>\n\t\t\t\t<\/div>\n\t\t\t\t<div class=\"elementor-element elementor-element-afd3e26 elementor-widget-divider--view-line elementor-widget elementor-widget-divider\" data-id=\"afd3e26\" data-element_type=\"widget\" data-widget_type=\"divider.default\">\n\t\t\t\t<div class=\"elementor-widget-container\">\n\t\t\t\t\t<div class=\"elementor-divider\">\n\t\t\t<span class=\"elementor-divider-separator\">\n\t\t\t\t\t\t<\/span>\n\t\t<\/div>\n\t\t\t\t<\/div>\n\t\t\t\t<\/div>\n\t\t\t\t\t\t<\/div>\n\t\t\t\t\t<\/div>\n\t\t<\/div>\n\t\t\t\t\t\t\t\t<\/div>\n\t\t\t\t\t<\/div>\n\t\t<\/section>\n\t\t\t\t<section class=\"elementor-section elementor-top-section elementor-element elementor-element-0e681a4 elementor-section-boxed elementor-section-height-default elementor-section-height-default\" data-id=\"0e681a4\" data-element_type=\"section\">\n\t\t\t\t\t\t<div class=\"elementor-container elementor-column-gap-default\">\n\t\t\t\t\t\t\t<div class=\"elementor-row\">\n\t\t\t\t\t<div class=\"elementor-column elementor-col-50 elementor-top-column elementor-element elementor-element-54e213e\" data-id=\"54e213e\" data-element_type=\"column\">\n\t\t\t<div class=\"elementor-column-wrap elementor-element-populated\">\n\t\t\t\t\t\t\t<div class=\"elementor-widget-wrap\">\n\t\t\t\t\t\t<div class=\"elementor-element elementor-element-5925d73 elementor-widget elementor-widget-text-editor\" data-id=\"5925d73\" data-element_type=\"widget\" data-widget_type=\"text-editor.default\">\n\t\t\t\t<div class=\"elementor-widget-container\">\n\t\t\t\t\t\t\t\t<div class=\"elementor-text-editor elementor-clearfix\">\n\t\t\t\t<ul><li>Asesor\u00eda.<\/li><li>Expediente, requisitos y tr\u00e1mite para la constituci\u00f3n.<\/li><li>Inscripci\u00f3n como pareja de hecho.<\/li><li>Registro de parejas de hecho.<\/li><li>Residencia por matrimonio.<\/li><li>Tr\u00e1mites de matrimonio en el registro civil<\/li><li>Matrimonio por poderes.<\/li><li>Divorcio<\/li><li>Medidas paterno filiales<\/li><\/ul>\t\t\t\t\t<\/div>\n\t\t\t\t\t\t<\/div>\n\t\t\t\t<\/div>\n\t\t\t\t\t\t<\/div>\n\t\t\t\t\t<\/div>\n\t\t<\/div>\n\t\t\t\t<div class=\"elementor-column elementor-col-50 elementor-top-column elementor-element elementor-element-83c602e\" data-id=\"83c602e\" data-element_type=\"column\">\n\t\t\t<div class=\"elementor-column-wrap elementor-element-populated\">\n\t\t\t\t\t\t\t<div class=\"elementor-widget-wrap\">\n\t\t\t\t\t\t<div class=\"elementor-element elementor-element-a296e6e elementor-widget elementor-widget-image\" data-id=\"a296e6e\" data-element_type=\"widget\" data-widget_type=\"image.default\">\n\t\t\t\t<div class=\"elementor-widget-container\">\n\t\t\t\t\t\t\t\t<div class=\"elementor-image\">\n\t\t\t\t\t\t\t\t\t\t\t\t<img decoding=\"async\" width=\"640\" height=\"427\" src=\"https:\/\/abogadosjmalca.com\/wp-content\/uploads\/2020\/07\/Divorcio_25-1024x683.jpg\" class=\"attachment-large size-large\" alt=\"\" srcset=\"https:\/\/abogadosjmalca.com\/wp-content\/uploads\/2020\/07\/Divorcio_25-1024x683.jpg 1024w, https:\/\/abogadosjmalca.com\/wp-content\/uploads\/2020\/07\/Divorcio_25-300x200.jpg 300w, https:\/\/abogadosjmalca.com\/wp-content\/uploads\/2020\/07\/Divorcio_25-768x512.jpg 768w, https:\/\/abogadosjmalca.com\/wp-content\/uploads\/2020\/07\/Divorcio_25-272x182.jpg 272w, https:\/\/abogadosjmalca.com\/wp-content\/uploads\/2020\/07\/Divorcio_25.jpg 1224w\" sizes=\"(max-width: 640px) 100vw, 640px\" \/>\t\t\t\t\t\t\t\t\t\t\t\t\t\t<\/div>\n\t\t\t\t\t\t<\/div>\n\t\t\t\t<\/div>\n\t\t\t\t\t\t<\/div>\n\t\t\t\t\t<\/div>\n\t\t<\/div>\n\t\t\t\t\t\t\t\t<\/div>\n\t\t\t\t\t<\/div>\n\t\t<\/section>\n\t\t\t\t<section class=\"elementor-section elementor-top-section elementor-element elementor-element-113cf1d elementor-section-boxed elementor-section-height-default elementor-section-height-default\" data-id=\"113cf1d\" data-element_type=\"section\">\n\t\t\t\t\t\t<div class=\"elementor-container elementor-column-gap-default\">\n\t\t\t\t\t\t\t<div class=\"elementor-row\">\n\t\t\t\t\t<div class=\"elementor-column elementor-col-100 elementor-top-column elementor-element elementor-element-6e7e6ab\" data-id=\"6e7e6ab\" data-element_type=\"column\">\n\t\t\t<div class=\"elementor-column-wrap elementor-element-populated\">\n\t\t\t\t\t\t\t<div class=\"elementor-widget-wrap\">\n\t\t\t\t\t\t<div class=\"elementor-element elementor-element-eb4b5b2 elementor-widget elementor-widget-spacer\" data-id=\"eb4b5b2\" data-element_type=\"widget\" data-widget_type=\"spacer.default\">\n\t\t\t\t<div class=\"elementor-widget-container\">\n\t\t\t\t\t<div class=\"elementor-spacer\">\n\t\t\t<div class=\"elementor-spacer-inner\"><\/div>\n\t\t<\/div>\n\t\t\t\t<\/div>\n\t\t\t\t<\/div>\n\t\t\t\t\t\t<\/div>\n\t\t\t\t\t<\/div>\n\t\t<\/div>\n\t\t\t\t\t\t\t\t<\/div>\n\t\t\t\t\t<\/div>\n\t\t<\/section>\n\t\t\t\t\t\t\t\t\t<\/div>\n\t\t\t<\/div>\n\t\t\t\t\t<\/div>\n\t\t","protected":false},"excerpt":{"rendered":"<p>Servicios Nacionalidad Espa\u00f1ola Asesor\u00eda jur\u00eddica. Gesti\u00f3n de ex\u00e1menes CCSE y DELE. Gesti\u00f3n de solicitud y seguimiento<\/p>\n<div class=\"bottom-meta clearfix\">\n<ul class=\"bottom-meta-list\">\n<li>\n<div class=\"post-more\"><a class=\"read-more\" href=\"https:\/\/abogadosjmalca.com\/index.php\/actividades\/\">Read More<\/a><\/div>\n<\/li>\n<\/ul>\n<\/div>\n","protected":false},"author":1,"featured_media":0,"parent":0,"menu_order":0,"comment_status":"closed","ping_status":"closed","template":"elementor_header_footer","meta":{"footnotes":""},"_links":{"self":[{"href":"https:\/\/abogadosjmalca.com\/index.php\/wp-json\/wp\/v2\/pages\/65"}],"collection":[{"href":"https:\/\/abogadosjmalca.com\/index.php\/wp-json\/wp\/v2\/pages"}],"about":[{"href":"https:\/\/abogadosjmalca.com\/index.php\/wp-json\/wp\/v2\/types\/page"}],"author":[{"embeddable":true,"href":"https:\/\/abogadosjmalca.com\/index.php\/wp-json\/wp\/v2\/users\/1"}],"replies":[{"embeddable":true,"href":"https:\/\/abogadosjmalca.com\/index.php\/wp-json\/wp\/v2\/comments?post=65"}],"version-history":[{"count":19,"href":"https:\/\/abogadosjmalca.com\/index.php\/wp-json\/wp\/v2\/pages\/65\/revisions"}],"predecessor-version":[{"id":213,"href":"https:\/\/abogadosjmalca.com\/index.php\/wp-json\/wp\/v2\/pages\/65\/revisions\/213"}],"wp:attachment":[{"href":"https:\/\/abogadosjmalca.com\/index.php\/wp-json\/wp\/v2\/media?parent=65"}],"curies":[{"name":"wp","href":"https:\/\/api.w.org\/{rel}","templated":true}]}}