{"id":80,"date":"2020-05-01T14:37:56","date_gmt":"2020-05-01T14:37:56","guid":{"rendered":"http:\/\/abogadosjmalca.com\/?page_id=80"},"modified":"2024-07-02T17:04:39","modified_gmt":"2024-07-02T17:04:39","slug":"blog","status":"publish","type":"page","link":"https:\/\/abogadosjmalca.com\/index.php\/blog\/","title":{"rendered":"Blog"},"content":{"rendered":"\t\t<div data-elementor-type=\"wp-page\" data-elementor-id=\"80\" class=\"elementor elementor-80\">\n\t\t\t\t\t\t<div class=\"elementor-inner\">\n\t\t\t\t<div class=\"elementor-section-wrap\">\n\t\t\t\t\t\t\t\t\t<section class=\"elementor-section elementor-top-section elementor-element elementor-element-3a37685 elementor-section-boxed elementor-section-height-default elementor-section-height-default\" data-id=\"3a37685\" data-element_type=\"section\">\n\t\t\t\t\t\t<div class=\"elementor-container elementor-column-gap-default\">\n\t\t\t\t\t\t\t<div class=\"elementor-row\">\n\t\t\t\t\t<div class=\"elementor-column elementor-col-100 elementor-top-column elementor-element elementor-element-eb64838\" data-id=\"eb64838\" data-element_type=\"column\">\n\t\t\t<div class=\"elementor-column-wrap elementor-element-populated\">\n\t\t\t\t\t\t\t<div class=\"elementor-widget-wrap\">\n\t\t\t\t\t\t<div class=\"elementor-element elementor-element-762a674 elementor-widget elementor-widget-spacer\" data-id=\"762a674\" data-element_type=\"widget\" data-widget_type=\"spacer.default\">\n\t\t\t\t<div class=\"elementor-widget-container\">\n\t\t\t\t\t<div class=\"elementor-spacer\">\n\t\t\t<div class=\"elementor-spacer-inner\"><\/div>\n\t\t<\/div>\n\t\t\t\t<\/div>\n\t\t\t\t<\/div>\n\t\t\t\t\t\t<\/div>\n\t\t\t\t\t<\/div>\n\t\t<\/div>\n\t\t\t\t\t\t\t\t<\/div>\n\t\t\t\t\t<\/div>\n\t\t<\/section>\n\t\t\t\t<section class=\"elementor-section elementor-top-section elementor-element elementor-element-126722a elementor-section-boxed elementor-section-height-default elementor-section-height-default\" data-id=\"126722a\" data-element_type=\"section\">\n\t\t\t\t\t\t<div class=\"elementor-container elementor-column-gap-default\">\n\t\t\t\t\t\t\t<div class=\"elementor-row\">\n\t\t\t\t\t<div class=\"elementor-column elementor-col-100 elementor-top-column elementor-element elementor-element-dfb15dd\" data-id=\"dfb15dd\" data-element_type=\"column\">\n\t\t\t<div class=\"elementor-column-wrap elementor-element-populated\">\n\t\t\t\t\t\t\t<div class=\"elementor-widget-wrap\">\n\t\t\t\t\t\t<div class=\"elementor-element elementor-element-c836122 elementor-widget elementor-widget-heading\" data-id=\"c836122\" data-element_type=\"widget\" data-widget_type=\"heading.default\">\n\t\t\t\t<div class=\"elementor-widget-container\">\n\t\t\t<h2 class=\"elementor-heading-title elementor-size-default\">Nuestro blog<\/h2>\t\t<\/div>\n\t\t\t\t<\/div>\n\t\t\t\t<div class=\"elementor-element elementor-element-64bad55 elementor-widget-divider--view-line elementor-widget elementor-widget-divider\" data-id=\"64bad55\" data-element_type=\"widget\" data-widget_type=\"divider.default\">\n\t\t\t\t<div class=\"elementor-widget-container\">\n\t\t\t\t\t<div class=\"elementor-divider\">\n\t\t\t<span class=\"elementor-divider-separator\">\n\t\t\t\t\t\t<\/span>\n\t\t<\/div>\n\t\t\t\t<\/div>\n\t\t\t\t<\/div>\n\t\t\t\t\t\t<\/div>\n\t\t\t\t\t<\/div>\n\t\t<\/div>\n\t\t\t\t\t\t\t\t<\/div>\n\t\t\t\t\t<\/div>\n\t\t<\/section>\n\t\t\t\t<section class=\"elementor-section elementor-top-section elementor-element elementor-element-3f8edcf elementor-section-boxed elementor-section-height-default elementor-section-height-default\" data-id=\"3f8edcf\" data-element_type=\"section\">\n\t\t\t\t\t\t<div class=\"elementor-container elementor-column-gap-default\">\n\t\t\t\t\t\t\t<div class=\"elementor-row\">\n\t\t\t\t\t<div class=\"elementor-column elementor-col-100 elementor-top-column elementor-element elementor-element-be57489\" data-id=\"be57489\" data-element_type=\"column\">\n\t\t\t<div class=\"elementor-column-wrap elementor-element-populated\">\n\t\t\t\t\t\t\t<div class=\"elementor-widget-wrap\">\n\t\t\t\t\t\t<div class=\"elementor-element elementor-element-f4716ee elementor-widget elementor-widget-shortcode\" data-id=\"f4716ee\" data-element_type=\"widget\" data-widget_type=\"shortcode.default\">\n\t\t\t\t<div class=\"elementor-widget-container\">\n\t\t\t\t\t<div class=\"elementor-shortcode\">\t<style>\n\t \t\n\t\t\n\t#bf_gallery_1 .portfolio_thumbnail {\n\t\tborder-radius: 0;\n\t\tdisplay: block;\n\t\theight: auto;\n\t\tline-height: 1.42857;\n\t\twidth: 100%;\n\t\tfloat: left;\n\t}\n\n\t\/* thumb spacing *\/\n\t#bf_gallery_1 .col-xs-1, #bf_gallery_1 .col-sm-1, #bf_gallery_1 .col-md-1, #bf_gallery_1 .col-lg-1, #bf_gallery_1 .col-xs-2, #bf_gallery_1 .col-sm-2, #bf_gallery_1 .col-md-2, #bf_gallery_1 .col-lg-2, \n\t #bf_gallery_1 .col-xs-3, #bf_gallery_1 .col-sm-3, #bf_gallery_1 .col-md-3, #bf_gallery_1 .col-lg-3, #bf_gallery_1 .col-xs-4, #bf_gallery_1 .col-sm-4, #bf_gallery_1 .col-md-4, #bf_gallery_1 .col-lg-4, \n\t #bf_gallery_1 .col-xs-5, #bf_gallery_1 .col-sm-5, #bf_gallery_1 .col-md-5, #bf_gallery_1 .col-lg-5, #bf_gallery_1 .col-xs-6, #bf_gallery_1 .col-sm-6, #bf_gallery_1 .col-md-6, #bf_gallery_1 .col-lg-6, \n\t #bf_gallery_1 .col-xs-7, #bf_gallery_1 .col-sm-7, #bf_gallery_1 .col-md-7, #bf_gallery_1 .col-lg-7, #bf_gallery_1 .col-xs-8, #bf_gallery_1 .col-sm-8, #bf_gallery_1 .col-md-8, #bf_gallery_1 .col-lg-8, \n\t #bf_gallery_1 .col-xs-9, #bf_gallery_1 .col-sm-9, #bf_gallery_1 .col-md-9, #bf_gallery_1 .col-lg-9, #bf_gallery_1 .col-xs-10, #bf_gallery_1 .col-sm-10, #bf_gallery_1 .col-md-10, #bf_gallery_1 .col-lg-10, \n\t #bf_gallery_1 .col-xs-11, #bf_gallery_1 .col-sm-11, #bf_gallery_1 .col-md-11, #bf_gallery_1 .col-lg-11, #bf_gallery_1 .col-xs-12, #bf_gallery_1 .col-sm-12, #bf_gallery_1 .col-md-12, #bf_gallery_1 .col-lg-12 {\n\t\tpadding-right: 5px !important;\n\t\tpadding-left: 5px !important;\n\t\tpadding-bottom: 5px !important;\n\t\tpadding-top: 5px !important;\n\t}\n\t\n\t\/* title box css*\/\n\t.bf_thumb_box_1 {\n\t\tpadding: inherit;\n\t\tbackground-color: #EDEEF0;\n\t\tborder: 1px solid;\n\t\tborder-color: rgba( 213, 216, 221 );\n\t\t\/* border-color: #d5d8dd; *\/\n\t}\n\t.bf_title_box_1 {\n\t\tpadding-top: 5px;\n\t\tpadding-bottom: 10px;\n\t\tpadding-left: 8px;\n\t\tpadding-right: 8px;\n\t}\n\t.bf_title_box_2 {\n\t\tpadding-top: 10px;\n\t\tpadding-bottom: 10px;\n\t\tpadding-left: 8px;\n\t\tpadding-right: 8px;\n\t}\n\t.bf_title_1 {\n\t\tmargin-top: 15px;\n\t\tmargin-bottom: 15px;\n\t\tfont-size: 25px;\n\t\tcolor : #000;\n\t\tfont-weight: bold;\n\t}\n\t.bf_desc_1 {\n\t\tfont-size: 14px;\n\t\tcolor: #a4a6ac;\n\t\tmargin:10px 1px;\n\t}\n\t.bf_read_more_div_1 {\n\t\ttext-align: right;\n\t\tmargin:20px 0px 5px 0px;\n\t}\n\t.bf_read_more_1 {\n\t\ttext-decoration:none;\n\t} \n\t.bf_read_more_1:hover {\n\t\ttext-decoration:none;\n\t}\n\t.snip0047 {\n\t\tbackground-color: #0b3861 !important;\n\t}\n\t.snip0047:focus {\n\t\tbackground-color: #0b3861 !important;\n\t}\n\t.snip0047:active {\n\t\tbackground-color: #0b3861 !important;\n\t}\n\t\n\t\/* hover 1*\/\n\t.simplefilter {\n\t  font-family: 'Raleway', Arial, sans-serif;\n\t  text-align: center;\n\t  text-transform: uppercase;\n\t  font-weight: 500;\n\t  letter-spacing: 1px;\n\t  padding: 0;\n\t  margin-top:20px;\n\t  margin-bottom:20px;\n\t}\n\t.metaInfo {\n\t\tmargin-top: 10px;\n\t\tmargin-bottom: 10px;\n\t\tpadding: 0;\n\t\tfont-size: 14px;\n\t\tfont-weight: 600;\n\t\tdisplay:inline-block;\n\t}\n\t.metaInfo > span {\n\t\tdisplay: inline-block;\n\t\tmargin-right: 6px;\n\t\tcolor: #777;\n\t}\n\t.metaInfo > span > i > .blog_cat_icon {\n\t\theight: 16px !important;\n\t\twidth: 20px !important;\n\t\topacity: 0.7;\n\t\tmargin-bottom: 2px\n\t}\n\t.metaInfo > span > i > .blog_tag_icon {\n\t\theight: 22px !important;\n\t\twidth: 22px !important;\n\t\tmargin-bottom: 2px\n\t}\n\t.pagination {\n\t\tdisplay: inline-block;\n\t\tpadding-left: 0;\n\t\tmargin: 20px 0;\n\t\tborder-radius: 4px;\n\t}\n\t.pagination span { \n\t\tbackground : #0b3861;\n\t\tborder: 1px solid #eaeaea;\n\t\tdisplay: inline-block;\n\t\ttext-align: center;\n\t\tcolor: #FFFFFF;\n\t\tpadding: 4px 12px;\n\t\tborder-radius:5px;\n\t}\n\t.pagination span:hover { \n\t\tbackground : #0b3861; \n\t\tcolor : #ffffff; \n\t}\n\t.pagination a {\n\t\tborder: 1px solid #0b3861;\n\t\tdisplay: inline-block;\n\t\ttext-align: center;\n\t\tcolor: #0b3861;\n\t\tpadding: 4px 12px;\n\t\tborder-radius:5px;\n\t}\n\t.pagination a:hover, .pagination a:focus {\n\t\tbackground: #0b3861;\n\t\tcolor: #FFFFFF;\n\t\ttext-decoration:none;\n\t}\n\t<\/style>\n\t\t<div class=\"blog_filter_main\" >\n\t\t\t\t\t\t<!-- filters -->\n\t\t\t\t<div class=\"text-center\">\n\t\t\t\t\t<ul class=\"simplefilter\">\n\t\t\t\t\t\t\t\t\t\t\t<li id=\"all\" class=\"snip0047 active\" data-filter=\"all\"><span style=\"pointer-events: none;\">Todos los post<\/span><i class=\"fa fa-check\" style=\"pointer-events: none;\"><\/i><\/li>\n\t\t\t\t\t\t\t\t\t\t\t\t<li class=\"snip0047\" value=\"1\" data-filter=\"1\"><span style=\"pointer-events: none;\">Uncategorized<\/span><i class=\"fa fa-check\" style=\"pointer-events: none;\"><\/i><\/li>\n\t\t\t\t\t\t\t\t\t\t\t<\/ul>\n\t\t\t\t<\/div>\n\t\t\t\t\t\t<!-- posts -->\n\t\t<div id=\"bf_gallery_1\" class=\"filtr-container filters-div \" style=\"opacity:0;\">\n\t\t\t\t\t\t\t<div id=\"bf_278\" data-category=\"1\" data-sort=\"Uncategorized\" class=\" pfg_theme_1 filtr-item filtr_item_1 single_one col-lg-4 col-md-4 col-sm-6 col-xs-12\">\n\t\t\t\t\t<div class=\"bf_thumb_box_1 hvr-shadow-radial\">\n\t\t\t\t\t\t<div class=\"bf_title_box_1\">\n\t\t\t\t\t\t\t\t\t\t\t\t\t\t\t<h3 class=\"bf_title_1\">Resumen Sentencia N\u00ba 802\/2022 (que establece los requisitos para la expulsi\u00f3n del extranjero de Espa\u00f1a) del Tribunal Superior de Justicia de Madrid Sala de lo Contencioso-Administrativo Secci\u00f3n D\u00e9cima<\/h3>\n\t\t\t\t\t\t\t\t\t\t\t\t\t\t<\/div>\n\t\t\t\t\t\t\t\t\t\t\t\t\t\t<figure class=\"snip1550\">\n\t\t\t\t\t\t\t\t\t\t\t\t\t\t\t\t\t<\/figure>\n\t\t\t\t\t\t\t\t\t\t\t\t\t\t<div class=\"bf_title_box_2\">\n\t\t\t\t\t\t\t\t\t\t\t\t\t\t\t<div class=\"metaInfo\">\n\t\t\t\t\t\t\t\t\t<span><i class=\"fa fa-calendar\"><\/i> <a href=\"https:\/\/abogadosjmalca.com\/index.php\/2022\/10\/21\/\">21 octubre, 2022<\/a> <\/span>\n\t\t\t\t\t\t\t\t<\/div>\n\t\t\t\t\t\t\t\t\t\t\t\t\t\t\t\t<div class=\"bf_desc_1\">\n\t\t\t\t\t\t\t\t\tEn esta sentencia se aborda por parte del TSJ de Madrid un asunto sobre la posible&lt;div class=&quot;bottom...\t\t\t\t\t\t\t\t<\/div>\n\t\t\t\t\t\t\t\t\t\t\t\t\t\t\t\t<div class=\"bf_read_more_div_1\">\n\t\t\t\t\t\t\t\t\t<a class=\"snip0047 bf_read_more_1\" href=\"https:\/\/abogadosjmalca.com\/index.php\/2022\/10\/21\/resumen-sentencia-no-802-2022-que-establece-los-requisitos-para-la-expulsion-del-extranjero-de-espana-del-tribunal-superior-de-justicia-de-madrid-sala-de-lo-contencioso-administrativo-seccion-decima\/\" target=\"\"><span>Saber m\u00e1s<\/span><i class=\"fa fa-link\"><\/i><\/a>\n\t\t\t\t\t\t\t\t<\/div>\n\t\t\t\t\t\t\t\t\t\t\t\t\t\t<\/div>\n\t\t\t\t\t<\/div>\n\t\t\t\t<\/div>\n\t\t\t\t\t\t\t\t<div id=\"bf_274\" data-category=\"1\" data-sort=\"Uncategorized\" class=\" pfg_theme_1 filtr-item filtr_item_1 single_one col-lg-4 col-md-4 col-sm-6 col-xs-12\">\n\t\t\t\t\t<div class=\"bf_thumb_box_1 hvr-shadow-radial\">\n\t\t\t\t\t\t<div class=\"bf_title_box_1\">\n\t\t\t\t\t\t\t\t\t\t\t\t\t\t\t<h3 class=\"bf_title_1\">Nuevos m\u00e9todos de obtenci\u00f3n de la nacionalidad espa\u00f1ola seg\u00fan la Ley 20\/2022, de 19 de octubre, de Memoria Democr\u00e1tica<\/h3>\n\t\t\t\t\t\t\t\t\t\t\t\t\t\t<\/div>\n\t\t\t\t\t\t\t\t\t\t\t\t\t\t<figure class=\"snip1550\">\n\t\t\t\t\t\t\t\t\t\t\t\t\t\t\t\t\t<\/figure>\n\t\t\t\t\t\t\t\t\t\t\t\t\t\t<div class=\"bf_title_box_2\">\n\t\t\t\t\t\t\t\t\t\t\t\t\t\t\t<div class=\"metaInfo\">\n\t\t\t\t\t\t\t\t\t<span><i class=\"fa fa-calendar\"><\/i> <a href=\"https:\/\/abogadosjmalca.com\/index.php\/2022\/10\/21\/\">21 octubre, 2022<\/a> <\/span>\n\t\t\t\t\t\t\t\t<\/div>\n\t\t\t\t\t\t\t\t\t\t\t\t\t\t\t\t<div class=\"bf_desc_1\">\n\t\t\t\t\t\t\t\t\tLa publicaci\u00f3n en el BOE este 19 de octubre de 2022 de la Ley de Memoria&lt;div class=&quot;bottom-meta cle...\t\t\t\t\t\t\t\t<\/div>\n\t\t\t\t\t\t\t\t\t\t\t\t\t\t\t\t<div class=\"bf_read_more_div_1\">\n\t\t\t\t\t\t\t\t\t<a class=\"snip0047 bf_read_more_1\" href=\"https:\/\/abogadosjmalca.com\/index.php\/2022\/10\/21\/nuevos-metodos-de-obtencion-de-la-nacionalidad-espanola-segun-la-ley-20-2022-de-19-de-octubre-de-memoria-democratica\/\" target=\"\"><span>Saber m\u00e1s<\/span><i class=\"fa fa-link\"><\/i><\/a>\n\t\t\t\t\t\t\t\t<\/div>\n\t\t\t\t\t\t\t\t\t\t\t\t\t\t<\/div>\n\t\t\t\t\t<\/div>\n\t\t\t\t<\/div>\n\t\t\t\t\t\t\t\t<div id=\"bf_262\" data-category=\"1\" data-sort=\"Uncategorized\" class=\" pfg_theme_1 filtr-item filtr_item_1 single_one col-lg-4 col-md-4 col-sm-6 col-xs-12\">\n\t\t\t\t\t<div class=\"bf_thumb_box_1 hvr-shadow-radial\">\n\t\t\t\t\t\t<div class=\"bf_title_box_1\">\n\t\t\t\t\t\t\t\t\t\t\t\t\t\t\t<h3 class=\"bf_title_1\">TARJETA DE RESIDENCIA DE FAMILIAR COMUNITARIO (CONYUGE)<\/h3>\n\t\t\t\t\t\t\t\t\t\t\t\t\t\t<\/div>\n\t\t\t\t\t\t\t\t\t\t\t\t\t\t<figure class=\"snip1550\">\n\t\t\t\t\t\t\t\t\t\t\t\t\t\t\t\t\t<\/figure>\n\t\t\t\t\t\t\t\t\t\t\t\t\t\t<div class=\"bf_title_box_2\">\n\t\t\t\t\t\t\t\t\t\t\t\t\t\t\t<div class=\"metaInfo\">\n\t\t\t\t\t\t\t\t\t<span><i class=\"fa fa-calendar\"><\/i> <a href=\"https:\/\/abogadosjmalca.com\/index.php\/2022\/07\/19\/\">19 julio, 2022<\/a> <\/span>\n\t\t\t\t\t\t\t\t<\/div>\n\t\t\t\t\t\t\t\t\t\t\t\t\t\t\t\t<div class=\"bf_desc_1\">\n\t\t\t\t\t\t\t\t\tTARJETA DE RESIDENCIA DE FAMILIAR DE COMUNITARIO (CONYUGE) Procedimiento Abreviado 200\/2020 E N\u00famer...\t\t\t\t\t\t\t\t<\/div>\n\t\t\t\t\t\t\t\t\t\t\t\t\t\t\t\t<div class=\"bf_read_more_div_1\">\n\t\t\t\t\t\t\t\t\t<a class=\"snip0047 bf_read_more_1\" href=\"https:\/\/abogadosjmalca.com\/index.php\/2022\/07\/19\/tarjeta-de-residencia-de-familiar-comunitario\/\" target=\"\"><span>Saber m\u00e1s<\/span><i class=\"fa fa-link\"><\/i><\/a>\n\t\t\t\t\t\t\t\t<\/div>\n\t\t\t\t\t\t\t\t\t\t\t\t\t\t<\/div>\n\t\t\t\t\t<\/div>\n\t\t\t\t<\/div>\n\t\t\t\t\t\t\t\t<div id=\"bf_256\" data-category=\"1\" data-sort=\"Uncategorized\" class=\" pfg_theme_1 filtr-item filtr_item_1 single_one col-lg-4 col-md-4 col-sm-6 col-xs-12\">\n\t\t\t\t\t<div class=\"bf_thumb_box_1 hvr-shadow-radial\">\n\t\t\t\t\t\t<div class=\"bf_title_box_1\">\n\t\t\t\t\t\t\t\t\t\t\t\t\t\t\t<h3 class=\"bf_title_1\">EXPULSION<\/h3>\n\t\t\t\t\t\t\t\t\t\t\t\t\t\t<\/div>\n\t\t\t\t\t\t\t\t\t\t\t\t\t\t<figure class=\"snip1550\">\n\t\t\t\t\t\t\t\t\t\t\t\t\t\t\t\t\t<\/figure>\n\t\t\t\t\t\t\t\t\t\t\t\t\t\t<div class=\"bf_title_box_2\">\n\t\t\t\t\t\t\t\t\t\t\t\t\t\t\t<div class=\"metaInfo\">\n\t\t\t\t\t\t\t\t\t<span><i class=\"fa fa-calendar\"><\/i> <a href=\"https:\/\/abogadosjmalca.com\/index.php\/2022\/07\/14\/\">14 julio, 2022<\/a> <\/span>\n\t\t\t\t\t\t\t\t<\/div>\n\t\t\t\t\t\t\t\t\t\t\t\t\t\t\t\t<div class=\"bf_desc_1\">\n\t\t\t\t\t\t\t\t\tANULA SANCI\u00d3N DE EXPULSI\u00d3N A UN EXTRANJERO Procedimiento Abreviado 27\/2021 H Sentencia 10\/2022, de...\t\t\t\t\t\t\t\t<\/div>\n\t\t\t\t\t\t\t\t\t\t\t\t\t\t\t\t<div class=\"bf_read_more_div_1\">\n\t\t\t\t\t\t\t\t\t<a class=\"snip0047 bf_read_more_1\" href=\"https:\/\/abogadosjmalca.com\/index.php\/2022\/07\/14\/ex\/\" target=\"\"><span>Saber m\u00e1s<\/span><i class=\"fa fa-link\"><\/i><\/a>\n\t\t\t\t\t\t\t\t<\/div>\n\t\t\t\t\t\t\t\t\t\t\t\t\t\t<\/div>\n\t\t\t\t\t<\/div>\n\t\t\t\t<\/div>\n\t\t\t\t\t\t\t\t<div id=\"bf_250\" data-category=\"1\" data-sort=\"Uncategorized\" class=\" pfg_theme_1 filtr-item filtr_item_1 single_one col-lg-4 col-md-4 col-sm-6 col-xs-12\">\n\t\t\t\t\t<div class=\"bf_thumb_box_1 hvr-shadow-radial\">\n\t\t\t\t\t\t<div class=\"bf_title_box_1\">\n\t\t\t\t\t\t\t\t\t\t\t\t\t\t\t<h3 class=\"bf_title_1\">MEDIDAS CAUTELARES &#8211; AUTORIZACION DE RESIDENCIA Y TRABAJO<\/h3>\n\t\t\t\t\t\t\t\t\t\t\t\t\t\t<\/div>\n\t\t\t\t\t\t\t\t\t\t\t\t\t\t<figure class=\"snip1550\">\n\t\t\t\t\t\t\t\t\t\t\t\t\t\t\t\t\t<\/figure>\n\t\t\t\t\t\t\t\t\t\t\t\t\t\t<div class=\"bf_title_box_2\">\n\t\t\t\t\t\t\t\t\t\t\t\t\t\t\t<div class=\"metaInfo\">\n\t\t\t\t\t\t\t\t\t<span><i class=\"fa fa-calendar\"><\/i> <a href=\"https:\/\/abogadosjmalca.com\/index.php\/2022\/07\/11\/\">11 julio, 2022<\/a> <\/span>\n\t\t\t\t\t\t\t\t<\/div>\n\t\t\t\t\t\t\t\t\t\t\t\t\t\t\t\t<div class=\"bf_desc_1\">\n\t\t\t\t\t\t\t\t\tMEDIDAS CAUTELARES: AUTORIZACI\u00d3N DE RESIDENCIA Y TRABAJO Pieza de Medidas Cautelares 472\/2022 &amp;#821...\t\t\t\t\t\t\t\t<\/div>\n\t\t\t\t\t\t\t\t\t\t\t\t\t\t\t\t<div class=\"bf_read_more_div_1\">\n\t\t\t\t\t\t\t\t\t<a class=\"snip0047 bf_read_more_1\" href=\"https:\/\/abogadosjmalca.com\/index.php\/2022\/07\/11\/medidas-cautelares-autorizacion-de-residencia-y-trabajo\/\" target=\"\"><span>Saber m\u00e1s<\/span><i class=\"fa fa-link\"><\/i><\/a>\n\t\t\t\t\t\t\t\t<\/div>\n\t\t\t\t\t\t\t\t\t\t\t\t\t\t<\/div>\n\t\t\t\t\t<\/div>\n\t\t\t\t<\/div>\n\t\t\t\t\t\t\t\t<div id=\"bf_245\" data-category=\"1\" data-sort=\"Uncategorized\" class=\" pfg_theme_1 filtr-item filtr_item_1 single_one col-lg-4 col-md-4 col-sm-6 col-xs-12\">\n\t\t\t\t\t<div class=\"bf_thumb_box_1 hvr-shadow-radial\">\n\t\t\t\t\t\t<div class=\"bf_title_box_1\">\n\t\t\t\t\t\t\t\t\t\t\t\t\t\t\t<h3 class=\"bf_title_1\">CARTA DE INVITACION<\/h3>\n\t\t\t\t\t\t\t\t\t\t\t\t\t\t<\/div>\n\t\t\t\t\t\t\t\t\t\t\t\t\t\t<figure class=\"snip1550\">\n\t\t\t\t\t\t\t\t\t\t\t\t\t\t\t\t\t<\/figure>\n\t\t\t\t\t\t\t\t\t\t\t\t\t\t<div class=\"bf_title_box_2\">\n\t\t\t\t\t\t\t\t\t\t\t\t\t\t\t<div class=\"metaInfo\">\n\t\t\t\t\t\t\t\t\t<span><i class=\"fa fa-calendar\"><\/i> <a href=\"https:\/\/abogadosjmalca.com\/index.php\/2022\/07\/11\/\">11 julio, 2022<\/a> <\/span>\n\t\t\t\t\t\t\t\t<\/div>\n\t\t\t\t\t\t\t\t\t\t\t\t\t\t\t\t<div class=\"bf_desc_1\">\n\t\t\t\t\t\t\t\t\tIMPOSICI\u00d3N DE SANCI\u00d3N POR CARTA DE INVITACION A UN EXTRANJERO Procedimiento Abreviado 436\/2021 Sen...\t\t\t\t\t\t\t\t<\/div>\n\t\t\t\t\t\t\t\t\t\t\t\t\t\t\t\t<div class=\"bf_read_more_div_1\">\n\t\t\t\t\t\t\t\t\t<a class=\"snip0047 bf_read_more_1\" href=\"https:\/\/abogadosjmalca.com\/index.php\/2022\/07\/11\/carta-de-invitacion\/\" target=\"\"><span>Saber m\u00e1s<\/span><i class=\"fa fa-link\"><\/i><\/a>\n\t\t\t\t\t\t\t\t<\/div>\n\t\t\t\t\t\t\t\t\t\t\t\t\t\t<\/div>\n\t\t\t\t\t<\/div>\n\t\t\t\t<\/div>\n\t\t\t\t\t\t\t\t<div id=\"bf_219\" data-category=\"1\" data-sort=\"Uncategorized\" class=\" pfg_theme_1 filtr-item filtr_item_1 single_one col-lg-4 col-md-4 col-sm-6 col-xs-12\">\n\t\t\t\t\t<div class=\"bf_thumb_box_1 hvr-shadow-radial\">\n\t\t\t\t\t\t<div class=\"bf_title_box_1\">\n\t\t\t\t\t\t\t\t\t\t\t\t\t\t\t<h3 class=\"bf_title_1\">Sobre la permanencia irregular en Espa\u00f1a de un extranjero con carta de invitaci\u00f3n (art. 53.2 de LO de Extranjer\u00eda)<\/h3>\n\t\t\t\t\t\t\t\t\t\t\t\t\t\t<\/div>\n\t\t\t\t\t\t\t\t\t\t\t\t\t\t<figure class=\"snip1550\">\n\t\t\t\t\t\t\t\t\t\t\t\t\t\t\t\t\t<\/figure>\n\t\t\t\t\t\t\t\t\t\t\t\t\t\t<div class=\"bf_title_box_2\">\n\t\t\t\t\t\t\t\t\t\t\t\t\t\t\t<div class=\"metaInfo\">\n\t\t\t\t\t\t\t\t\t<span><i class=\"fa fa-calendar\"><\/i> <a href=\"https:\/\/abogadosjmalca.com\/index.php\/2020\/09\/29\/\">29 septiembre, 2020<\/a> <\/span>\n\t\t\t\t\t\t\t\t<\/div>\n\t\t\t\t\t\t\t\t\t\t\t\t\t\t\t\t<div class=\"bf_desc_1\">\n\t\t\t\t\t\t\t\t\tResoluci\u00f3n 05 12 2019...\t\t\t\t\t\t\t\t<\/div>\n\t\t\t\t\t\t\t\t\t\t\t\t\t\t\t\t<div class=\"bf_read_more_div_1\">\n\t\t\t\t\t\t\t\t\t<a class=\"snip0047 bf_read_more_1\" href=\"https:\/\/abogadosjmalca.com\/index.php\/2020\/09\/29\/sobre-la-permanencia-irregular-en-espana-de-un-extranjero-con-carta-de-invitacion-art-53-2-de-lo-de-extranjeria\/\" target=\"\"><span>Saber m\u00e1s<\/span><i class=\"fa fa-link\"><\/i><\/a>\n\t\t\t\t\t\t\t\t<\/div>\n\t\t\t\t\t\t\t\t\t\t\t\t\t\t<\/div>\n\t\t\t\t\t<\/div>\n\t\t\t\t<\/div>\n\t\t\t\t\t\t<\/div>\n\t\t<div class=\"loader\"><\/div>\n\t\t<div style=\"text-align: center; \" class=\"pagination1 font-alt col-lg-12 col-md-12 col-sm-12\">\n\t\t\t\t\t<\/div>\n\t<\/div>\n\t<script>\n\t\n\tsetTimeout(function () {\n\t\tjQuery(\".portfolio_thumbnail\").each(function(){\n\t\t\t\/\/ console.log(jQuery(this).width() + \"x\" + jQuery(this).height())\n\t\t\tvar h = jQuery(this).height();\n\t\t\tvar w = jQuery(this).width();\n\t\t\tjQuery(this).height(h);\n\t\t\tjQuery(this).width(w);\n\t\t\tjQuery(this).resize();\n\t\t});\n\t}, 2500);\n\t\n\tjQuery( window ).load(function() {\n\t\tvar first_active_filter = jQuery( \".simplefilter li:first-child\" ).val();\n\t\t\/\/ Animate loader off screen.\n\t\tjQuery(\".loader\").hide();\n\t\tjQuery(\"#bf_gallery_1\").css(\"opacity\", 1);\n\t\t\/\/Filterizd Default options.\n\t\toptions = {\n\t\t\tanimationDuration: 0.5,\n\t\t\tcallbacks: {\n\t\t\t\tonFilteringStart: function() { },\n\t\t\t\tonFilteringEnd: function() { },\n\t\t\t\tonShufflingStart: function() { },\n\t\t\t\tonShufflingEnd: function() { },\n\t\t\t\tonSortingStart: function() { },\n\t\t\t\tonSortingEnd: function() { }\n\t\t\t},\n\t\t\tfilter: \"all\",\n\t\t\tlayout: 'sameWidth',\n\t\t\tselector: '#bf_gallery_1',\n\t\t\tsetupControls: true\n\t\t}\n\t\tvar filterizd = jQuery('#bf_gallery_1').filterizr(options);\n\t\tjQuery('#bf_gallery_1').imagesLoaded( function() {\n\t\t\t\/\/ images have already loaded, instantiate Filterizr.\n\t\t\tjQuery('#bf_gallery_1').filterizr(options);\n\t\t}); \n\t});\n\n\t\/\/Pagination class add and active class add.\n\tjQuery(document).ready(function(){\n\t\tjQuery( \"ul.page-numbers\" ).addClass( \"pagination mrgt-0\" );\n\t\t\n\t\t\/\/new code added On Focus.\n\t\tjQuery(\"a.page-numbers\").each(function() {\n\t\t  var $this = jQuery(this);      \n\t\t  var _href = $this.attr(\"href\");\n\t\t  $this.attr(\"href\", _href + '?#bf_gallery_1');\n\t\t});\n\t});\n\t<\/script>\n<\/div>\n\t\t\t\t<\/div>\n\t\t\t\t<\/div>\n\t\t\t\t\t\t<\/div>\n\t\t\t\t\t<\/div>\n\t\t<\/div>\n\t\t\t\t\t\t\t\t<\/div>\n\t\t\t\t\t<\/div>\n\t\t<\/section>\n\t\t\t\t<section class=\"elementor-section elementor-top-section elementor-element elementor-element-a0624a8 elementor-section-boxed elementor-section-height-default elementor-section-height-default\" data-id=\"a0624a8\" data-element_type=\"section\">\n\t\t\t\t\t\t<div class=\"elementor-container elementor-column-gap-default\">\n\t\t\t\t\t\t\t<div class=\"elementor-row\">\n\t\t\t\t\t<div class=\"elementor-column elementor-col-100 elementor-top-column elementor-element elementor-element-be4b2cc\" data-id=\"be4b2cc\" data-element_type=\"column\">\n\t\t\t<div class=\"elementor-column-wrap elementor-element-populated\">\n\t\t\t\t\t\t\t<div class=\"elementor-widget-wrap\">\n\t\t\t\t\t\t<div class=\"elementor-element elementor-element-4f2756a elementor-widget elementor-widget-spacer\" data-id=\"4f2756a\" data-element_type=\"widget\" data-widget_type=\"spacer.default\">\n\t\t\t\t<div class=\"elementor-widget-container\">\n\t\t\t\t\t<div class=\"elementor-spacer\">\n\t\t\t<div class=\"elementor-spacer-inner\"><\/div>\n\t\t<\/div>\n\t\t\t\t<\/div>\n\t\t\t\t<\/div>\n\t\t\t\t\t\t<\/div>\n\t\t\t\t\t<\/div>\n\t\t<\/div>\n\t\t\t\t\t\t\t\t<\/div>\n\t\t\t\t\t<\/div>\n\t\t<\/section>\n\t\t\t\t\t\t\t\t\t<\/div>\n\t\t\t<\/div>\n\t\t\t\t\t<\/div>\n\t\t","protected":false},"excerpt":{"rendered":"<p>Nuestro blog<\/p>\n","protected":false},"author":1,"featured_media":0,"parent":0,"menu_order":0,"comment_status":"closed","ping_status":"closed","template":"elementor_header_footer","meta":{"footnotes":""},"_links":{"self":[{"href":"https:\/\/abogadosjmalca.com\/index.php\/wp-json\/wp\/v2\/pages\/80"}],"collection":[{"href":"https:\/\/abogadosjmalca.com\/index.php\/wp-json\/wp\/v2\/pages"}],"about":[{"href":"https:\/\/abogadosjmalca.com\/index.php\/wp-json\/wp\/v2\/types\/page"}],"author":[{"embeddable":true,"href":"https:\/\/abogadosjmalca.com\/index.php\/wp-json\/wp\/v2\/users\/1"}],"replies":[{"embeddable":true,"href":"https:\/\/abogadosjmalca.com\/index.php\/wp-json\/wp\/v2\/comments?post=80"}],"version-history":[{"count":7,"href":"https:\/\/abogadosjmalca.com\/index.php\/wp-json\/wp\/v2\/pages\/80\/revisions"}],"predecessor-version":[{"id":199,"href":"https:\/\/abogadosjmalca.com\/index.php\/wp-json\/wp\/v2\/pages\/80\/revisions\/199"}],"wp:attachment":[{"href":"https:\/\/abogadosjmalca.com\/index.php\/wp-json\/wp\/v2\/media?parent=80"}],"curies":[{"name":"wp","href":"https:\/\/api.w.org\/{rel}","templated":true}]}}